{"id":6026,"date":"2021-09-22T08:29:24","date_gmt":"2021-09-22T06:34:10","guid":{"rendered":"https:\/\/nadudvary.ro\/product\/royal-red-small-set\/"},"modified":"2025-02-26T18:13:24","modified_gmt":"2025-02-26T16:13:24","slug":"royal-red-small-set","status":"publish","type":"product","link":"https:\/\/nadudvary.ro\/en\/product\/royal-red-small-set\/","title":{"rendered":"Royal Red Tulip &#8211; Antique Silver Earrings and Pendant"},"content":{"rendered":"<p>Royal Red Tulip &#8211; Antique Silver Earrings and Pendant<\/p>\n<p>a set that is handmade from antique silver and murano glass cabochons. The set contains earrings, each pair is handmade, which makes each piece unique, reflecting a special attention to detail and the medallion in the shape of a red tulip, which being the centerpiece, completes any outfit. :<strong>Ocean<\/strong> <strong>Blue,Turquoise<\/strong> <strong>Green,Black-Onyx<\/strong>,<b> <\/b>The tulip medallion is on a silver chain with a length of 45 cm. Handmade silver jewelry is not just simple accessories. Like this Royal Red Tulip &#8211; Antique Silver Earrings and Pendant, they are true works of art, combining <strong>elegance<\/strong> with <strong>craftsmanship<\/strong>. Each piece is appreciated not only for its beauty, but also for <strong>the incredible attention to detail<\/strong> and <strong>unique design<\/strong> that makes it stand out. Essentially, each piece of jewelry becomes an expression of <strong>the jeweler&#8217;s<\/strong> <strong>creativity<\/strong> and passion, transforming the precious metal into a<em> wearable<\/em> work of art, <strong>full of meaning, style and elegance.<\/strong><\/p>\n<p style=\"text-align: center;\"> Silver jewelry sets are a great choice for those who want to add extra elegance and coherence to their <strong>outfits<\/strong> . This handmade set includes pieces that complement each other perfectly, providing a <strong>unified and sophisticated look.<\/strong> A remarkable example is the<strong> unique Royal Red<\/strong> set, made of antique silver and red Murano glass cabochons. <\/p>\n","protected":false},"excerpt":{"rendered":"<p>Small set- made of patinated sterling silver and murano glass.<\/p>\n","protected":false},"featured_media":6567,"comment_status":"open","ping_status":"closed","template":"","meta":{"_et_pb_use_builder":"","_et_pb_old_content":"","_et_gb_content_width":""},"product_brand":[],"product_cat":[1105,1441],"product_tag":[1347,1156,1170,1192,1178,1194,1167,1195,1159,1198,1148,1193],"class_list":{"0":"post-6026","1":"product","2":"type-product","3":"status-publish","4":"has-post-thumbnail","6":"product_cat-sets","7":"product_cat-silver","8":"product_tag-argint-en","9":"product_tag-egyedi-en","10":"product_tag-handcrafted-en","11":"product_tag-jewelry-en-2","12":"product_tag-jewelry-en","13":"product_tag-jewerly-en","14":"product_tag-kezmuves-en","15":"product_tag-murano-glass","16":"product_tag-nadudvary-en-2","17":"product_tag-one-of-a-kind","18":"product_tag-silver-en","19":"product_tag-silver-jewellery","21":"first","22":"instock","23":"featured","24":"shipping-taxable","25":"purchasable","26":"product-type-simple"},"yoast_head":"<!-- This site is optimized with the Yoast SEO plugin v27.5 - https:\/\/yoast.com\/product\/yoast-seo-wordpress\/ -->\n<title>Royal Red Tulip - Antique Silver Earrings and Pendant | N\u00e1dudvary<\/title>\n<meta name=\"description\" content=\"Royal Red Tulip - Antique silver earrings and pendant and Murano glass cabosons - unique handmade product entirely made by Nadudvary art\" \/>\n<meta name=\"robots\" content=\"index, follow, max-snippet:-1, max-image-preview:large, max-video-preview:-1\" \/>\n<link rel=\"canonical\" href=\"https:\/\/nadudvary.ro\/en\/product\/royal-red-small-set\/\" \/>\n<meta property=\"og:locale\" content=\"en_US\" \/>\n<meta property=\"og:type\" content=\"article\" \/>\n<meta property=\"og:title\" content=\"Royal Red Tulip - Antique Silver Earrings and Pendant | N\u00e1dudvary\" \/>\n<meta property=\"og:description\" content=\"Royal Red Tulip - Antique silver earrings and pendant and Murano glass cabosons - unique handmade product entirely made by Nadudvary art\" \/>\n<meta property=\"og:url\" content=\"https:\/\/nadudvary.ro\/en\/product\/royal-red-small-set\/\" \/>\n<meta property=\"og:site_name\" content=\"N\u00e1dudvary\" \/>\n<meta property=\"article:publisher\" content=\"https:\/\/www.facebook.com\/Nadudvaryjewelry\" \/>\n<meta property=\"article:modified_time\" content=\"2025-02-26T16:13:24+00:00\" \/>\n<meta property=\"og:image\" content=\"https:\/\/nadudvary.ro\/wp-content\/uploads\/2021\/09\/DSCN2140.webp\" \/>\n\t<meta property=\"og:image:width\" content=\"985\" \/>\n\t<meta property=\"og:image:height\" content=\"686\" \/>\n\t<meta property=\"og:image:type\" content=\"image\/webp\" \/>\n<meta name=\"twitter:card\" content=\"summary_large_image\" \/>\n<meta name=\"twitter:label1\" content=\"Est. reading time\" \/>\n\t<meta name=\"twitter:data1\" content=\"1 minute\" \/>\n<script type=\"application\/ld+json\" class=\"yoast-schema-graph\">{\"@context\":\"https:\\\/\\\/schema.org\",\"@graph\":[{\"@type\":\"WebPage\",\"@id\":\"https:\\\/\\\/nadudvary.ro\\\/en\\\/product\\\/royal-red-small-set\\\/\",\"url\":\"https:\\\/\\\/nadudvary.ro\\\/en\\\/product\\\/royal-red-small-set\\\/\",\"name\":\"Royal Red Tulip - Antique Silver Earrings and Pendant | N\u00e1dudvary\",\"isPartOf\":{\"@id\":\"https:\\\/\\\/nadudvary.ro\\\/#website\"},\"primaryImageOfPage\":{\"@id\":\"https:\\\/\\\/nadudvary.ro\\\/en\\\/product\\\/royal-red-small-set\\\/#primaryimage\"},\"image\":{\"@id\":\"https:\\\/\\\/nadudvary.ro\\\/en\\\/product\\\/royal-red-small-set\\\/#primaryimage\"},\"thumbnailUrl\":\"https:\\\/\\\/nadudvary.ro\\\/wp-content\\\/uploads\\\/2021\\\/09\\\/DSCN2140.webp\",\"datePublished\":\"2021-09-22T06:34:10+00:00\",\"dateModified\":\"2025-02-26T16:13:24+00:00\",\"description\":\"Royal Red Tulip - Antique silver earrings and pendant and Murano glass cabosons - unique handmade product entirely made by Nadudvary art\",\"breadcrumb\":{\"@id\":\"https:\\\/\\\/nadudvary.ro\\\/en\\\/product\\\/royal-red-small-set\\\/#breadcrumb\"},\"inLanguage\":\"en-US\",\"potentialAction\":[{\"@type\":\"ReadAction\",\"target\":[\"https:\\\/\\\/nadudvary.ro\\\/en\\\/product\\\/royal-red-small-set\\\/\"]}]},{\"@type\":\"ImageObject\",\"inLanguage\":\"en-US\",\"@id\":\"https:\\\/\\\/nadudvary.ro\\\/en\\\/product\\\/royal-red-small-set\\\/#primaryimage\",\"url\":\"https:\\\/\\\/nadudvary.ro\\\/wp-content\\\/uploads\\\/2021\\\/09\\\/DSCN2140.webp\",\"contentUrl\":\"https:\\\/\\\/nadudvary.ro\\\/wp-content\\\/uploads\\\/2021\\\/09\\\/DSCN2140.webp\",\"width\":985,\"height\":686,\"caption\":\"Set Royal Red - mic cercei si pandativ\"},{\"@type\":\"BreadcrumbList\",\"@id\":\"https:\\\/\\\/nadudvary.ro\\\/en\\\/product\\\/royal-red-small-set\\\/#breadcrumb\",\"itemListElement\":[{\"@type\":\"ListItem\",\"position\":1,\"name\":\"Prima pagin\u0103\",\"item\":\"https:\\\/\\\/nadudvary.ro\\\/en\\\/\"},{\"@type\":\"ListItem\",\"position\":2,\"name\":\"Magazin\",\"item\":\"https:\\\/\\\/nadudvary.ro\\\/magazin\\\/\"},{\"@type\":\"ListItem\",\"position\":3,\"name\":\"Royal Red Tulip &#8211; Antique Silver Earrings and Pendant\"}]},{\"@type\":\"WebSite\",\"@id\":\"https:\\\/\\\/nadudvary.ro\\\/#website\",\"url\":\"https:\\\/\\\/nadudvary.ro\\\/\",\"name\":\"N\u00e1dudvary\",\"description\":\"Handcrafted Jewelry\",\"publisher\":{\"@id\":\"https:\\\/\\\/nadudvary.ro\\\/#\\\/schema\\\/person\\\/f6f839e4a38013cf81313d7e0c21430f\"},\"potentialAction\":[{\"@type\":\"SearchAction\",\"target\":{\"@type\":\"EntryPoint\",\"urlTemplate\":\"https:\\\/\\\/nadudvary.ro\\\/?s={search_term_string}\"},\"query-input\":{\"@type\":\"PropertyValueSpecification\",\"valueRequired\":true,\"valueName\":\"search_term_string\"}}],\"inLanguage\":\"en-US\"},{\"@type\":[\"Person\",\"Organization\"],\"@id\":\"https:\\\/\\\/nadudvary.ro\\\/#\\\/schema\\\/person\\\/f6f839e4a38013cf81313d7e0c21430f\",\"name\":\"N\u00e1dudvary L\u00e1szl\u00f3\",\"image\":{\"@type\":\"ImageObject\",\"inLanguage\":\"en-US\",\"@id\":\"https:\\\/\\\/nadudvary.ro\\\/wp-content\\\/uploads\\\/2021\\\/12\\\/Favicon.webp\",\"url\":\"https:\\\/\\\/nadudvary.ro\\\/wp-content\\\/uploads\\\/2021\\\/12\\\/Favicon.webp\",\"contentUrl\":\"https:\\\/\\\/nadudvary.ro\\\/wp-content\\\/uploads\\\/2021\\\/12\\\/Favicon.webp\",\"width\":250,\"height\":250,\"caption\":\"N\u00e1dudvary L\u00e1szl\u00f3\"},\"logo\":{\"@id\":\"https:\\\/\\\/nadudvary.ro\\\/wp-content\\\/uploads\\\/2021\\\/12\\\/Favicon.webp\"},\"sameAs\":[\"https:\\\/\\\/www.nadudvary.ro\",\"https:\\\/\\\/www.facebook.com\\\/Nadudvaryjewelry\",\"https:\\\/\\\/www.youtube.com\\\/channel\\\/UCYZSi0OPKCBppw9juo2iMqw\"]}]}<\/script>\n<!-- \/ Yoast SEO plugin. -->","yoast_head_json":{"title":"Royal Red Tulip - Antique Silver Earrings and Pendant | N\u00e1dudvary","description":"Royal Red Tulip - Antique silver earrings and pendant and Murano glass cabosons - unique handmade product entirely made by Nadudvary art","robots":{"index":"index","follow":"follow","max-snippet":"max-snippet:-1","max-image-preview":"max-image-preview:large","max-video-preview":"max-video-preview:-1"},"canonical":"https:\/\/nadudvary.ro\/en\/product\/royal-red-small-set\/","og_locale":"en_US","og_type":"article","og_title":"Royal Red Tulip - Antique Silver Earrings and Pendant | N\u00e1dudvary","og_description":"Royal Red Tulip - Antique silver earrings and pendant and Murano glass cabosons - unique handmade product entirely made by Nadudvary art","og_url":"https:\/\/nadudvary.ro\/en\/product\/royal-red-small-set\/","og_site_name":"N\u00e1dudvary","article_publisher":"https:\/\/www.facebook.com\/Nadudvaryjewelry","article_modified_time":"2025-02-26T16:13:24+00:00","og_image":[{"width":985,"height":686,"url":"https:\/\/nadudvary.ro\/wp-content\/uploads\/2021\/09\/DSCN2140.webp","type":"image\/webp"}],"twitter_card":"summary_large_image","twitter_misc":{"Est. reading time":"1 minute"},"schema":{"@context":"https:\/\/schema.org","@graph":[{"@type":"WebPage","@id":"https:\/\/nadudvary.ro\/en\/product\/royal-red-small-set\/","url":"https:\/\/nadudvary.ro\/en\/product\/royal-red-small-set\/","name":"Royal Red Tulip - Antique Silver Earrings and Pendant | N\u00e1dudvary","isPartOf":{"@id":"https:\/\/nadudvary.ro\/#website"},"primaryImageOfPage":{"@id":"https:\/\/nadudvary.ro\/en\/product\/royal-red-small-set\/#primaryimage"},"image":{"@id":"https:\/\/nadudvary.ro\/en\/product\/royal-red-small-set\/#primaryimage"},"thumbnailUrl":"https:\/\/nadudvary.ro\/wp-content\/uploads\/2021\/09\/DSCN2140.webp","datePublished":"2021-09-22T06:34:10+00:00","dateModified":"2025-02-26T16:13:24+00:00","description":"Royal Red Tulip - Antique silver earrings and pendant and Murano glass cabosons - unique handmade product entirely made by Nadudvary art","breadcrumb":{"@id":"https:\/\/nadudvary.ro\/en\/product\/royal-red-small-set\/#breadcrumb"},"inLanguage":"en-US","potentialAction":[{"@type":"ReadAction","target":["https:\/\/nadudvary.ro\/en\/product\/royal-red-small-set\/"]}]},{"@type":"ImageObject","inLanguage":"en-US","@id":"https:\/\/nadudvary.ro\/en\/product\/royal-red-small-set\/#primaryimage","url":"https:\/\/nadudvary.ro\/wp-content\/uploads\/2021\/09\/DSCN2140.webp","contentUrl":"https:\/\/nadudvary.ro\/wp-content\/uploads\/2021\/09\/DSCN2140.webp","width":985,"height":686,"caption":"Set Royal Red - mic cercei si pandativ"},{"@type":"BreadcrumbList","@id":"https:\/\/nadudvary.ro\/en\/product\/royal-red-small-set\/#breadcrumb","itemListElement":[{"@type":"ListItem","position":1,"name":"Prima pagin\u0103","item":"https:\/\/nadudvary.ro\/en\/"},{"@type":"ListItem","position":2,"name":"Magazin","item":"https:\/\/nadudvary.ro\/magazin\/"},{"@type":"ListItem","position":3,"name":"Royal Red Tulip &#8211; Antique Silver Earrings and Pendant"}]},{"@type":"WebSite","@id":"https:\/\/nadudvary.ro\/#website","url":"https:\/\/nadudvary.ro\/","name":"N\u00e1dudvary","description":"Handcrafted Jewelry","publisher":{"@id":"https:\/\/nadudvary.ro\/#\/schema\/person\/f6f839e4a38013cf81313d7e0c21430f"},"potentialAction":[{"@type":"SearchAction","target":{"@type":"EntryPoint","urlTemplate":"https:\/\/nadudvary.ro\/?s={search_term_string}"},"query-input":{"@type":"PropertyValueSpecification","valueRequired":true,"valueName":"search_term_string"}}],"inLanguage":"en-US"},{"@type":["Person","Organization"],"@id":"https:\/\/nadudvary.ro\/#\/schema\/person\/f6f839e4a38013cf81313d7e0c21430f","name":"N\u00e1dudvary L\u00e1szl\u00f3","image":{"@type":"ImageObject","inLanguage":"en-US","@id":"https:\/\/nadudvary.ro\/wp-content\/uploads\/2021\/12\/Favicon.webp","url":"https:\/\/nadudvary.ro\/wp-content\/uploads\/2021\/12\/Favicon.webp","contentUrl":"https:\/\/nadudvary.ro\/wp-content\/uploads\/2021\/12\/Favicon.webp","width":250,"height":250,"caption":"N\u00e1dudvary L\u00e1szl\u00f3"},"logo":{"@id":"https:\/\/nadudvary.ro\/wp-content\/uploads\/2021\/12\/Favicon.webp"},"sameAs":["https:\/\/www.nadudvary.ro","https:\/\/www.facebook.com\/Nadudvaryjewelry","https:\/\/www.youtube.com\/channel\/UCYZSi0OPKCBppw9juo2iMqw"]}]}},"_links":{"self":[{"href":"https:\/\/nadudvary.ro\/en\/wp-json\/wp\/v2\/product\/6026","targetHints":{"allow":["GET"]}}],"collection":[{"href":"https:\/\/nadudvary.ro\/en\/wp-json\/wp\/v2\/product"}],"about":[{"href":"https:\/\/nadudvary.ro\/en\/wp-json\/wp\/v2\/types\/product"}],"replies":[{"embeddable":true,"href":"https:\/\/nadudvary.ro\/en\/wp-json\/wp\/v2\/comments?post=6026"}],"wp:featuredmedia":[{"embeddable":true,"href":"https:\/\/nadudvary.ro\/en\/wp-json\/wp\/v2\/media\/6567"}],"wp:attachment":[{"href":"https:\/\/nadudvary.ro\/en\/wp-json\/wp\/v2\/media?parent=6026"}],"wp:term":[{"taxonomy":"product_brand","embeddable":true,"href":"https:\/\/nadudvary.ro\/en\/wp-json\/wp\/v2\/product_brand?post=6026"},{"taxonomy":"product_cat","embeddable":true,"href":"https:\/\/nadudvary.ro\/en\/wp-json\/wp\/v2\/product_cat?post=6026"},{"taxonomy":"product_tag","embeddable":true,"href":"https:\/\/nadudvary.ro\/en\/wp-json\/wp\/v2\/product_tag?post=6026"}],"curies":[{"name":"wp","href":"https:\/\/api.w.org\/{rel}","templated":true}]}}