{"id":6209,"date":"2021-11-08T07:07:04","date_gmt":"2021-11-08T05:07:56","guid":{"rendered":"https:\/\/nadudvary.ro\/product\/double-pearl-ring\/"},"modified":"2025-02-26T18:13:18","modified_gmt":"2025-02-26T16:13:18","slug":"double-pearl-ring","status":"publish","type":"product","link":"https:\/\/nadudvary.ro\/en\/product\/double-pearl-ring\/","title":{"rendered":"Double Pearl Ring"},"content":{"rendered":"<p>Patinated silver ring with cultured pearls.<\/p>\n","protected":false},"excerpt":{"rendered":"<p>Silver patinated ring with cultured pearls. Size: adjustable.<\/p>\n","protected":false},"featured_media":6459,"comment_status":"open","ping_status":"closed","template":"","meta":{"_et_pb_use_builder":"","_et_pb_old_content":"","_et_gb_content_width":""},"product_brand":[],"product_cat":[1101,1441],"product_tag":[1156,1346,1157,1167,1159],"class_list":{"0":"post-6209","1":"product","2":"type-product","3":"status-publish","4":"has-post-thumbnail","6":"product_cat-rings","7":"product_cat-silver","8":"product_tag-egyedi-en","9":"product_tag-ekszer-en","10":"product_tag-jewelry","11":"product_tag-kezmuves-en","12":"product_tag-nadudvary-en-2","14":"first","15":"instock","16":"shipping-taxable","17":"purchasable","18":"product-type-simple"},"yoast_head":"<!-- This site is optimized with the Yoast SEO plugin v27.5 - https:\/\/yoast.com\/product\/yoast-seo-wordpress\/ -->\n<title>Double Pearl Ring | N\u00e1dudvary<\/title>\n<meta name=\"robots\" content=\"index, follow, max-snippet:-1, max-image-preview:large, max-video-preview:-1\" \/>\n<link rel=\"canonical\" href=\"https:\/\/nadudvary.ro\/en\/product\/double-pearl-ring\/\" \/>\n<meta property=\"og:locale\" content=\"en_US\" \/>\n<meta property=\"og:type\" content=\"article\" \/>\n<meta property=\"og:title\" content=\"Double Pearl Ring | N\u00e1dudvary\" \/>\n<meta property=\"og:description\" content=\"Silver patinated ring with cultured pearls. Size: adjustable.\" \/>\n<meta property=\"og:url\" content=\"https:\/\/nadudvary.ro\/en\/product\/double-pearl-ring\/\" \/>\n<meta property=\"og:site_name\" content=\"N\u00e1dudvary\" \/>\n<meta property=\"article:publisher\" content=\"https:\/\/www.facebook.com\/Nadudvaryjewelry\" \/>\n<meta property=\"article:modified_time\" content=\"2025-02-26T16:13:18+00:00\" \/>\n<meta property=\"og:image\" content=\"https:\/\/nadudvary.ro\/wp-content\/uploads\/2021\/11\/DSCN2185.webp\" \/>\n\t<meta property=\"og:image:width\" content=\"757\" \/>\n\t<meta property=\"og:image:height\" content=\"667\" \/>\n\t<meta property=\"og:image:type\" content=\"image\/webp\" \/>\n<meta name=\"twitter:card\" content=\"summary_large_image\" \/>\n<script type=\"application\/ld+json\" class=\"yoast-schema-graph\">{\"@context\":\"https:\\\/\\\/schema.org\",\"@graph\":[{\"@type\":\"WebPage\",\"@id\":\"https:\\\/\\\/nadudvary.ro\\\/en\\\/product\\\/double-pearl-ring\\\/\",\"url\":\"https:\\\/\\\/nadudvary.ro\\\/en\\\/product\\\/double-pearl-ring\\\/\",\"name\":\"Double Pearl Ring | N\u00e1dudvary\",\"isPartOf\":{\"@id\":\"https:\\\/\\\/nadudvary.ro\\\/#website\"},\"primaryImageOfPage\":{\"@id\":\"https:\\\/\\\/nadudvary.ro\\\/en\\\/product\\\/double-pearl-ring\\\/#primaryimage\"},\"image\":{\"@id\":\"https:\\\/\\\/nadudvary.ro\\\/en\\\/product\\\/double-pearl-ring\\\/#primaryimage\"},\"thumbnailUrl\":\"https:\\\/\\\/nadudvary.ro\\\/wp-content\\\/uploads\\\/2021\\\/11\\\/DSCN2185.webp\",\"datePublished\":\"2021-11-08T05:07:56+00:00\",\"dateModified\":\"2025-02-26T16:13:18+00:00\",\"breadcrumb\":{\"@id\":\"https:\\\/\\\/nadudvary.ro\\\/en\\\/product\\\/double-pearl-ring\\\/#breadcrumb\"},\"inLanguage\":\"en-US\",\"potentialAction\":[{\"@type\":\"ReadAction\",\"target\":[\"https:\\\/\\\/nadudvary.ro\\\/en\\\/product\\\/double-pearl-ring\\\/\"]}]},{\"@type\":\"ImageObject\",\"inLanguage\":\"en-US\",\"@id\":\"https:\\\/\\\/nadudvary.ro\\\/en\\\/product\\\/double-pearl-ring\\\/#primaryimage\",\"url\":\"https:\\\/\\\/nadudvary.ro\\\/wp-content\\\/uploads\\\/2021\\\/11\\\/DSCN2185.webp\",\"contentUrl\":\"https:\\\/\\\/nadudvary.ro\\\/wp-content\\\/uploads\\\/2021\\\/11\\\/DSCN2185.webp\",\"width\":757,\"height\":667},{\"@type\":\"BreadcrumbList\",\"@id\":\"https:\\\/\\\/nadudvary.ro\\\/en\\\/product\\\/double-pearl-ring\\\/#breadcrumb\",\"itemListElement\":[{\"@type\":\"ListItem\",\"position\":1,\"name\":\"Prima pagin\u0103\",\"item\":\"https:\\\/\\\/nadudvary.ro\\\/en\\\/\"},{\"@type\":\"ListItem\",\"position\":2,\"name\":\"Magazin\",\"item\":\"https:\\\/\\\/nadudvary.ro\\\/magazin\\\/\"},{\"@type\":\"ListItem\",\"position\":3,\"name\":\"Double Pearl Ring\"}]},{\"@type\":\"WebSite\",\"@id\":\"https:\\\/\\\/nadudvary.ro\\\/#website\",\"url\":\"https:\\\/\\\/nadudvary.ro\\\/\",\"name\":\"N\u00e1dudvary\",\"description\":\"Handcrafted Jewelry\",\"publisher\":{\"@id\":\"https:\\\/\\\/nadudvary.ro\\\/#\\\/schema\\\/person\\\/f6f839e4a38013cf81313d7e0c21430f\"},\"potentialAction\":[{\"@type\":\"SearchAction\",\"target\":{\"@type\":\"EntryPoint\",\"urlTemplate\":\"https:\\\/\\\/nadudvary.ro\\\/?s={search_term_string}\"},\"query-input\":{\"@type\":\"PropertyValueSpecification\",\"valueRequired\":true,\"valueName\":\"search_term_string\"}}],\"inLanguage\":\"en-US\"},{\"@type\":[\"Person\",\"Organization\"],\"@id\":\"https:\\\/\\\/nadudvary.ro\\\/#\\\/schema\\\/person\\\/f6f839e4a38013cf81313d7e0c21430f\",\"name\":\"N\u00e1dudvary L\u00e1szl\u00f3\",\"image\":{\"@type\":\"ImageObject\",\"inLanguage\":\"en-US\",\"@id\":\"https:\\\/\\\/nadudvary.ro\\\/wp-content\\\/uploads\\\/2021\\\/12\\\/Favicon.webp\",\"url\":\"https:\\\/\\\/nadudvary.ro\\\/wp-content\\\/uploads\\\/2021\\\/12\\\/Favicon.webp\",\"contentUrl\":\"https:\\\/\\\/nadudvary.ro\\\/wp-content\\\/uploads\\\/2021\\\/12\\\/Favicon.webp\",\"width\":250,\"height\":250,\"caption\":\"N\u00e1dudvary L\u00e1szl\u00f3\"},\"logo\":{\"@id\":\"https:\\\/\\\/nadudvary.ro\\\/wp-content\\\/uploads\\\/2021\\\/12\\\/Favicon.webp\"},\"sameAs\":[\"https:\\\/\\\/www.nadudvary.ro\",\"https:\\\/\\\/www.facebook.com\\\/Nadudvaryjewelry\",\"https:\\\/\\\/www.youtube.com\\\/channel\\\/UCYZSi0OPKCBppw9juo2iMqw\"]}]}<\/script>\n<!-- \/ Yoast SEO plugin. -->","yoast_head_json":{"title":"Double Pearl Ring | N\u00e1dudvary","robots":{"index":"index","follow":"follow","max-snippet":"max-snippet:-1","max-image-preview":"max-image-preview:large","max-video-preview":"max-video-preview:-1"},"canonical":"https:\/\/nadudvary.ro\/en\/product\/double-pearl-ring\/","og_locale":"en_US","og_type":"article","og_title":"Double Pearl Ring | N\u00e1dudvary","og_description":"Silver patinated ring with cultured pearls. Size: adjustable.","og_url":"https:\/\/nadudvary.ro\/en\/product\/double-pearl-ring\/","og_site_name":"N\u00e1dudvary","article_publisher":"https:\/\/www.facebook.com\/Nadudvaryjewelry","article_modified_time":"2025-02-26T16:13:18+00:00","og_image":[{"width":757,"height":667,"url":"https:\/\/nadudvary.ro\/wp-content\/uploads\/2021\/11\/DSCN2185.webp","type":"image\/webp"}],"twitter_card":"summary_large_image","schema":{"@context":"https:\/\/schema.org","@graph":[{"@type":"WebPage","@id":"https:\/\/nadudvary.ro\/en\/product\/double-pearl-ring\/","url":"https:\/\/nadudvary.ro\/en\/product\/double-pearl-ring\/","name":"Double Pearl Ring | N\u00e1dudvary","isPartOf":{"@id":"https:\/\/nadudvary.ro\/#website"},"primaryImageOfPage":{"@id":"https:\/\/nadudvary.ro\/en\/product\/double-pearl-ring\/#primaryimage"},"image":{"@id":"https:\/\/nadudvary.ro\/en\/product\/double-pearl-ring\/#primaryimage"},"thumbnailUrl":"https:\/\/nadudvary.ro\/wp-content\/uploads\/2021\/11\/DSCN2185.webp","datePublished":"2021-11-08T05:07:56+00:00","dateModified":"2025-02-26T16:13:18+00:00","breadcrumb":{"@id":"https:\/\/nadudvary.ro\/en\/product\/double-pearl-ring\/#breadcrumb"},"inLanguage":"en-US","potentialAction":[{"@type":"ReadAction","target":["https:\/\/nadudvary.ro\/en\/product\/double-pearl-ring\/"]}]},{"@type":"ImageObject","inLanguage":"en-US","@id":"https:\/\/nadudvary.ro\/en\/product\/double-pearl-ring\/#primaryimage","url":"https:\/\/nadudvary.ro\/wp-content\/uploads\/2021\/11\/DSCN2185.webp","contentUrl":"https:\/\/nadudvary.ro\/wp-content\/uploads\/2021\/11\/DSCN2185.webp","width":757,"height":667},{"@type":"BreadcrumbList","@id":"https:\/\/nadudvary.ro\/en\/product\/double-pearl-ring\/#breadcrumb","itemListElement":[{"@type":"ListItem","position":1,"name":"Prima pagin\u0103","item":"https:\/\/nadudvary.ro\/en\/"},{"@type":"ListItem","position":2,"name":"Magazin","item":"https:\/\/nadudvary.ro\/magazin\/"},{"@type":"ListItem","position":3,"name":"Double Pearl Ring"}]},{"@type":"WebSite","@id":"https:\/\/nadudvary.ro\/#website","url":"https:\/\/nadudvary.ro\/","name":"N\u00e1dudvary","description":"Handcrafted Jewelry","publisher":{"@id":"https:\/\/nadudvary.ro\/#\/schema\/person\/f6f839e4a38013cf81313d7e0c21430f"},"potentialAction":[{"@type":"SearchAction","target":{"@type":"EntryPoint","urlTemplate":"https:\/\/nadudvary.ro\/?s={search_term_string}"},"query-input":{"@type":"PropertyValueSpecification","valueRequired":true,"valueName":"search_term_string"}}],"inLanguage":"en-US"},{"@type":["Person","Organization"],"@id":"https:\/\/nadudvary.ro\/#\/schema\/person\/f6f839e4a38013cf81313d7e0c21430f","name":"N\u00e1dudvary L\u00e1szl\u00f3","image":{"@type":"ImageObject","inLanguage":"en-US","@id":"https:\/\/nadudvary.ro\/wp-content\/uploads\/2021\/12\/Favicon.webp","url":"https:\/\/nadudvary.ro\/wp-content\/uploads\/2021\/12\/Favicon.webp","contentUrl":"https:\/\/nadudvary.ro\/wp-content\/uploads\/2021\/12\/Favicon.webp","width":250,"height":250,"caption":"N\u00e1dudvary L\u00e1szl\u00f3"},"logo":{"@id":"https:\/\/nadudvary.ro\/wp-content\/uploads\/2021\/12\/Favicon.webp"},"sameAs":["https:\/\/www.nadudvary.ro","https:\/\/www.facebook.com\/Nadudvaryjewelry","https:\/\/www.youtube.com\/channel\/UCYZSi0OPKCBppw9juo2iMqw"]}]}},"_links":{"self":[{"href":"https:\/\/nadudvary.ro\/en\/wp-json\/wp\/v2\/product\/6209","targetHints":{"allow":["GET"]}}],"collection":[{"href":"https:\/\/nadudvary.ro\/en\/wp-json\/wp\/v2\/product"}],"about":[{"href":"https:\/\/nadudvary.ro\/en\/wp-json\/wp\/v2\/types\/product"}],"replies":[{"embeddable":true,"href":"https:\/\/nadudvary.ro\/en\/wp-json\/wp\/v2\/comments?post=6209"}],"wp:featuredmedia":[{"embeddable":true,"href":"https:\/\/nadudvary.ro\/en\/wp-json\/wp\/v2\/media\/6459"}],"wp:attachment":[{"href":"https:\/\/nadudvary.ro\/en\/wp-json\/wp\/v2\/media?parent=6209"}],"wp:term":[{"taxonomy":"product_brand","embeddable":true,"href":"https:\/\/nadudvary.ro\/en\/wp-json\/wp\/v2\/product_brand?post=6209"},{"taxonomy":"product_cat","embeddable":true,"href":"https:\/\/nadudvary.ro\/en\/wp-json\/wp\/v2\/product_cat?post=6209"},{"taxonomy":"product_tag","embeddable":true,"href":"https:\/\/nadudvary.ro\/en\/wp-json\/wp\/v2\/product_tag?post=6209"}],"curies":[{"name":"wp","href":"https:\/\/api.w.org\/{rel}","templated":true}]}}