{"id":7411,"date":"2022-10-15T06:15:35","date_gmt":"2022-10-15T04:22:10","guid":{"rendered":"https:\/\/nadudvary.ro\/product\/spiral-3\/"},"modified":"2025-02-26T18:13:01","modified_gmt":"2025-02-26T16:13:01","slug":"handcrafted-silver-jewelryunicatnadnadvaryspiral-collection","status":"publish","type":"product","link":"https:\/\/nadudvary.ro\/en\/product\/handcrafted-silver-jewelryunicatnadnadvaryspiral-collection\/","title":{"rendered":"Antique Silver 3-Ring Hairspring"},"content":{"rendered":"<p><strong>The Spiral 3 ring<\/strong> is handmade in <strong>vintage<\/strong> style from <strong>patinated silver<\/strong> of adjustable size. It is part of the <strong>Spirale<\/strong> collection created in 2022. Handcrafted silver jewelry is more than just accessories. They represent <strong>true works of art<\/strong>, each piece being unique and created with meticulous attention to detail. You won&#8217;t find two pieces of jewelry alike, as each one is handcrafted, reflecting the creativity and craftsmanship of the artisan. Each design bears the imprint <strong>of the artist&#8217;s personality and vision<\/strong>, giving a<strong> distinct<\/strong> touch to each creation.<\/p>\n","protected":false},"excerpt":{"rendered":"<p>The Spiral 3 ring is handmade in vintage style from patinated silver of adjustable size. It is part of the Spirale collection created in 2022. Handcrafted silver jewelry is more than just accessories. They represent true works of art, each piece being unique and created with meticulous attention to detail. You won&#8217;t find two pieces [&hellip;]<\/p>\n","protected":false},"featured_media":7399,"comment_status":"open","ping_status":"closed","template":"","meta":{"_et_pb_use_builder":"","_et_pb_old_content":"","_et_gb_content_width":""},"product_brand":[],"product_cat":[1101,1441],"product_tag":[1156,1346,1170,1234,1253,1178,1192,1167,1159,1198,1255,1257,1148,1403,1375,1376,1405,1272,1406,1404],"class_list":{"0":"post-7411","1":"product","2":"type-product","3":"status-publish","4":"has-post-thumbnail","6":"product_cat-rings","7":"product_cat-silver","8":"product_tag-egyedi-en","9":"product_tag-ekszer-en","10":"product_tag-handcrafted-en","11":"product_tag-handmade-en","12":"product_tag-inel-en","13":"product_tag-jewelry-en","14":"product_tag-jewelry-en-2","15":"product_tag-kezmuves-en","16":"product_tag-nadudvary-en-2","17":"product_tag-one-of-a-kind","18":"product_tag-reglabila-en","19":"product_tag-ring-en","20":"product_tag-silver-en","21":"product_tag-silver-ring","22":"product_tag-siver-ring-en","23":"product_tag-siver-ring-en-2","24":"product_tag-spiral-en","25":"product_tag-unique-en","26":"product_tag-vintage-en","27":"product_tag-vitage-en","29":"first","30":"instock","31":"shipping-taxable","32":"purchasable","33":"product-type-simple"},"yoast_head":"<!-- This site is optimized with the Yoast SEO plugin v27.5 - https:\/\/yoast.com\/product\/yoast-seo-wordpress\/ -->\n<title>Antique Silver 3-Ring Hairspring | N\u00e1dudvary<\/title>\n<meta name=\"description\" content=\"Unique patinated silver ring of adjustable size handmade in vintage style and is part of the Spiral 2022 collection forged by Nadudvary\" \/>\n<meta name=\"robots\" content=\"index, follow, max-snippet:-1, max-image-preview:large, max-video-preview:-1\" \/>\n<link rel=\"canonical\" href=\"https:\/\/nadudvary.ro\/en\/product\/handcrafted-silver-jewelryunicatnadnadvaryspiral-collection\/\" \/>\n<meta property=\"og:locale\" content=\"en_US\" \/>\n<meta property=\"og:type\" content=\"article\" \/>\n<meta property=\"og:title\" content=\"Antique Silver 3-Ring Hairspring | N\u00e1dudvary\" \/>\n<meta property=\"og:description\" content=\"Unique patinated silver ring of adjustable size handmade in vintage style and is part of the Spiral 2022 collection forged by Nadudvary\" \/>\n<meta property=\"og:url\" content=\"https:\/\/nadudvary.ro\/en\/product\/handcrafted-silver-jewelryunicatnadnadvaryspiral-collection\/\" \/>\n<meta property=\"og:site_name\" content=\"N\u00e1dudvary\" \/>\n<meta property=\"article:publisher\" content=\"https:\/\/www.facebook.com\/Nadudvaryjewelry\" \/>\n<meta property=\"article:modified_time\" content=\"2025-02-26T16:13:01+00:00\" \/>\n<meta property=\"og:image\" content=\"https:\/\/nadudvary.ro\/wp-content\/uploads\/2022\/10\/DSCN4210.jpg\" \/>\n\t<meta property=\"og:image:width\" content=\"850\" \/>\n\t<meta property=\"og:image:height\" content=\"768\" \/>\n\t<meta property=\"og:image:type\" content=\"image\/jpeg\" \/>\n<meta name=\"twitter:card\" content=\"summary_large_image\" \/>\n<script type=\"application\/ld+json\" class=\"yoast-schema-graph\">{\"@context\":\"https:\\\/\\\/schema.org\",\"@graph\":[{\"@type\":\"WebPage\",\"@id\":\"https:\\\/\\\/nadudvary.ro\\\/en\\\/product\\\/handcrafted-silver-jewelryunicatnadnadvaryspiral-collection\\\/\",\"url\":\"https:\\\/\\\/nadudvary.ro\\\/en\\\/product\\\/handcrafted-silver-jewelryunicatnadnadvaryspiral-collection\\\/\",\"name\":\"Antique Silver 3-Ring Hairspring | N\u00e1dudvary\",\"isPartOf\":{\"@id\":\"https:\\\/\\\/nadudvary.ro\\\/#website\"},\"primaryImageOfPage\":{\"@id\":\"https:\\\/\\\/nadudvary.ro\\\/en\\\/product\\\/handcrafted-silver-jewelryunicatnadnadvaryspiral-collection\\\/#primaryimage\"},\"image\":{\"@id\":\"https:\\\/\\\/nadudvary.ro\\\/en\\\/product\\\/handcrafted-silver-jewelryunicatnadnadvaryspiral-collection\\\/#primaryimage\"},\"thumbnailUrl\":\"https:\\\/\\\/nadudvary.ro\\\/wp-content\\\/uploads\\\/2022\\\/10\\\/DSCN4210.jpg\",\"datePublished\":\"2022-10-15T04:22:10+00:00\",\"dateModified\":\"2025-02-26T16:13:01+00:00\",\"description\":\"Unique patinated silver ring of adjustable size handmade in vintage style and is part of the Spiral 2022 collection forged by Nadudvary\",\"breadcrumb\":{\"@id\":\"https:\\\/\\\/nadudvary.ro\\\/en\\\/product\\\/handcrafted-silver-jewelryunicatnadnadvaryspiral-collection\\\/#breadcrumb\"},\"inLanguage\":\"en-US\",\"potentialAction\":[{\"@type\":\"ReadAction\",\"target\":[\"https:\\\/\\\/nadudvary.ro\\\/en\\\/product\\\/handcrafted-silver-jewelryunicatnadnadvaryspiral-collection\\\/\"]}]},{\"@type\":\"ImageObject\",\"inLanguage\":\"en-US\",\"@id\":\"https:\\\/\\\/nadudvary.ro\\\/en\\\/product\\\/handcrafted-silver-jewelryunicatnadnadvaryspiral-collection\\\/#primaryimage\",\"url\":\"https:\\\/\\\/nadudvary.ro\\\/wp-content\\\/uploads\\\/2022\\\/10\\\/DSCN4210.jpg\",\"contentUrl\":\"https:\\\/\\\/nadudvary.ro\\\/wp-content\\\/uploads\\\/2022\\\/10\\\/DSCN4210.jpg\",\"width\":850,\"height\":768},{\"@type\":\"BreadcrumbList\",\"@id\":\"https:\\\/\\\/nadudvary.ro\\\/en\\\/product\\\/handcrafted-silver-jewelryunicatnadnadvaryspiral-collection\\\/#breadcrumb\",\"itemListElement\":[{\"@type\":\"ListItem\",\"position\":1,\"name\":\"Prima pagin\u0103\",\"item\":\"https:\\\/\\\/nadudvary.ro\\\/en\\\/\"},{\"@type\":\"ListItem\",\"position\":2,\"name\":\"Magazin\",\"item\":\"https:\\\/\\\/nadudvary.ro\\\/magazin\\\/\"},{\"@type\":\"ListItem\",\"position\":3,\"name\":\"Antique Silver 3-Ring Hairspring\"}]},{\"@type\":\"WebSite\",\"@id\":\"https:\\\/\\\/nadudvary.ro\\\/#website\",\"url\":\"https:\\\/\\\/nadudvary.ro\\\/\",\"name\":\"N\u00e1dudvary\",\"description\":\"Handcrafted Jewelry\",\"publisher\":{\"@id\":\"https:\\\/\\\/nadudvary.ro\\\/#\\\/schema\\\/person\\\/f6f839e4a38013cf81313d7e0c21430f\"},\"potentialAction\":[{\"@type\":\"SearchAction\",\"target\":{\"@type\":\"EntryPoint\",\"urlTemplate\":\"https:\\\/\\\/nadudvary.ro\\\/?s={search_term_string}\"},\"query-input\":{\"@type\":\"PropertyValueSpecification\",\"valueRequired\":true,\"valueName\":\"search_term_string\"}}],\"inLanguage\":\"en-US\"},{\"@type\":[\"Person\",\"Organization\"],\"@id\":\"https:\\\/\\\/nadudvary.ro\\\/#\\\/schema\\\/person\\\/f6f839e4a38013cf81313d7e0c21430f\",\"name\":\"N\u00e1dudvary L\u00e1szl\u00f3\",\"image\":{\"@type\":\"ImageObject\",\"inLanguage\":\"en-US\",\"@id\":\"https:\\\/\\\/nadudvary.ro\\\/wp-content\\\/uploads\\\/2021\\\/12\\\/Favicon.webp\",\"url\":\"https:\\\/\\\/nadudvary.ro\\\/wp-content\\\/uploads\\\/2021\\\/12\\\/Favicon.webp\",\"contentUrl\":\"https:\\\/\\\/nadudvary.ro\\\/wp-content\\\/uploads\\\/2021\\\/12\\\/Favicon.webp\",\"width\":250,\"height\":250,\"caption\":\"N\u00e1dudvary L\u00e1szl\u00f3\"},\"logo\":{\"@id\":\"https:\\\/\\\/nadudvary.ro\\\/wp-content\\\/uploads\\\/2021\\\/12\\\/Favicon.webp\"},\"sameAs\":[\"https:\\\/\\\/www.nadudvary.ro\",\"https:\\\/\\\/www.facebook.com\\\/Nadudvaryjewelry\",\"https:\\\/\\\/www.youtube.com\\\/channel\\\/UCYZSi0OPKCBppw9juo2iMqw\"]}]}<\/script>\n<!-- \/ Yoast SEO plugin. -->","yoast_head_json":{"title":"Antique Silver 3-Ring Hairspring | N\u00e1dudvary","description":"Unique patinated silver ring of adjustable size handmade in vintage style and is part of the Spiral 2022 collection forged by Nadudvary","robots":{"index":"index","follow":"follow","max-snippet":"max-snippet:-1","max-image-preview":"max-image-preview:large","max-video-preview":"max-video-preview:-1"},"canonical":"https:\/\/nadudvary.ro\/en\/product\/handcrafted-silver-jewelryunicatnadnadvaryspiral-collection\/","og_locale":"en_US","og_type":"article","og_title":"Antique Silver 3-Ring Hairspring | N\u00e1dudvary","og_description":"Unique patinated silver ring of adjustable size handmade in vintage style and is part of the Spiral 2022 collection forged by Nadudvary","og_url":"https:\/\/nadudvary.ro\/en\/product\/handcrafted-silver-jewelryunicatnadnadvaryspiral-collection\/","og_site_name":"N\u00e1dudvary","article_publisher":"https:\/\/www.facebook.com\/Nadudvaryjewelry","article_modified_time":"2025-02-26T16:13:01+00:00","og_image":[{"width":850,"height":768,"url":"https:\/\/nadudvary.ro\/wp-content\/uploads\/2022\/10\/DSCN4210.jpg","type":"image\/jpeg"}],"twitter_card":"summary_large_image","schema":{"@context":"https:\/\/schema.org","@graph":[{"@type":"WebPage","@id":"https:\/\/nadudvary.ro\/en\/product\/handcrafted-silver-jewelryunicatnadnadvaryspiral-collection\/","url":"https:\/\/nadudvary.ro\/en\/product\/handcrafted-silver-jewelryunicatnadnadvaryspiral-collection\/","name":"Antique Silver 3-Ring Hairspring | N\u00e1dudvary","isPartOf":{"@id":"https:\/\/nadudvary.ro\/#website"},"primaryImageOfPage":{"@id":"https:\/\/nadudvary.ro\/en\/product\/handcrafted-silver-jewelryunicatnadnadvaryspiral-collection\/#primaryimage"},"image":{"@id":"https:\/\/nadudvary.ro\/en\/product\/handcrafted-silver-jewelryunicatnadnadvaryspiral-collection\/#primaryimage"},"thumbnailUrl":"https:\/\/nadudvary.ro\/wp-content\/uploads\/2022\/10\/DSCN4210.jpg","datePublished":"2022-10-15T04:22:10+00:00","dateModified":"2025-02-26T16:13:01+00:00","description":"Unique patinated silver ring of adjustable size handmade in vintage style and is part of the Spiral 2022 collection forged by Nadudvary","breadcrumb":{"@id":"https:\/\/nadudvary.ro\/en\/product\/handcrafted-silver-jewelryunicatnadnadvaryspiral-collection\/#breadcrumb"},"inLanguage":"en-US","potentialAction":[{"@type":"ReadAction","target":["https:\/\/nadudvary.ro\/en\/product\/handcrafted-silver-jewelryunicatnadnadvaryspiral-collection\/"]}]},{"@type":"ImageObject","inLanguage":"en-US","@id":"https:\/\/nadudvary.ro\/en\/product\/handcrafted-silver-jewelryunicatnadnadvaryspiral-collection\/#primaryimage","url":"https:\/\/nadudvary.ro\/wp-content\/uploads\/2022\/10\/DSCN4210.jpg","contentUrl":"https:\/\/nadudvary.ro\/wp-content\/uploads\/2022\/10\/DSCN4210.jpg","width":850,"height":768},{"@type":"BreadcrumbList","@id":"https:\/\/nadudvary.ro\/en\/product\/handcrafted-silver-jewelryunicatnadnadvaryspiral-collection\/#breadcrumb","itemListElement":[{"@type":"ListItem","position":1,"name":"Prima pagin\u0103","item":"https:\/\/nadudvary.ro\/en\/"},{"@type":"ListItem","position":2,"name":"Magazin","item":"https:\/\/nadudvary.ro\/magazin\/"},{"@type":"ListItem","position":3,"name":"Antique Silver 3-Ring Hairspring"}]},{"@type":"WebSite","@id":"https:\/\/nadudvary.ro\/#website","url":"https:\/\/nadudvary.ro\/","name":"N\u00e1dudvary","description":"Handcrafted Jewelry","publisher":{"@id":"https:\/\/nadudvary.ro\/#\/schema\/person\/f6f839e4a38013cf81313d7e0c21430f"},"potentialAction":[{"@type":"SearchAction","target":{"@type":"EntryPoint","urlTemplate":"https:\/\/nadudvary.ro\/?s={search_term_string}"},"query-input":{"@type":"PropertyValueSpecification","valueRequired":true,"valueName":"search_term_string"}}],"inLanguage":"en-US"},{"@type":["Person","Organization"],"@id":"https:\/\/nadudvary.ro\/#\/schema\/person\/f6f839e4a38013cf81313d7e0c21430f","name":"N\u00e1dudvary L\u00e1szl\u00f3","image":{"@type":"ImageObject","inLanguage":"en-US","@id":"https:\/\/nadudvary.ro\/wp-content\/uploads\/2021\/12\/Favicon.webp","url":"https:\/\/nadudvary.ro\/wp-content\/uploads\/2021\/12\/Favicon.webp","contentUrl":"https:\/\/nadudvary.ro\/wp-content\/uploads\/2021\/12\/Favicon.webp","width":250,"height":250,"caption":"N\u00e1dudvary L\u00e1szl\u00f3"},"logo":{"@id":"https:\/\/nadudvary.ro\/wp-content\/uploads\/2021\/12\/Favicon.webp"},"sameAs":["https:\/\/www.nadudvary.ro","https:\/\/www.facebook.com\/Nadudvaryjewelry","https:\/\/www.youtube.com\/channel\/UCYZSi0OPKCBppw9juo2iMqw"]}]}},"_links":{"self":[{"href":"https:\/\/nadudvary.ro\/en\/wp-json\/wp\/v2\/product\/7411","targetHints":{"allow":["GET"]}}],"collection":[{"href":"https:\/\/nadudvary.ro\/en\/wp-json\/wp\/v2\/product"}],"about":[{"href":"https:\/\/nadudvary.ro\/en\/wp-json\/wp\/v2\/types\/product"}],"replies":[{"embeddable":true,"href":"https:\/\/nadudvary.ro\/en\/wp-json\/wp\/v2\/comments?post=7411"}],"wp:featuredmedia":[{"embeddable":true,"href":"https:\/\/nadudvary.ro\/en\/wp-json\/wp\/v2\/media\/7399"}],"wp:attachment":[{"href":"https:\/\/nadudvary.ro\/en\/wp-json\/wp\/v2\/media?parent=7411"}],"wp:term":[{"taxonomy":"product_brand","embeddable":true,"href":"https:\/\/nadudvary.ro\/en\/wp-json\/wp\/v2\/product_brand?post=7411"},{"taxonomy":"product_cat","embeddable":true,"href":"https:\/\/nadudvary.ro\/en\/wp-json\/wp\/v2\/product_cat?post=7411"},{"taxonomy":"product_tag","embeddable":true,"href":"https:\/\/nadudvary.ro\/en\/wp-json\/wp\/v2\/product_tag?post=7411"}],"curies":[{"name":"wp","href":"https:\/\/api.w.org\/{rel}","templated":true}]}}