{"id":8166,"date":"2024-10-11T12:38:38","date_gmt":"2024-10-11T10:38:38","guid":{"rendered":"https:\/\/nadudvary.ro\/?post_type=product&#038;p=8166"},"modified":"2025-08-13T05:19:32","modified_gmt":"2025-08-13T03:19:32","slug":"gift-card-from-nadudvary-for-special-events","status":"publish","type":"product","link":"https:\/\/nadudvary.ro\/en\/product\/gift-card-from-nadudvary-for-special-events\/","title":{"rendered":"Gift Card from N\u00e1dudvary"},"content":{"rendered":"<p data-start=\"0\" data-end=\"215\"><strong data-start=\"0\" data-end=\"75\">Discover the perfect gift for jewelry lovers with N\u00e1dudvary gift cards!<\/strong> Whether it\u2019s for a birthday, anniversary, holiday, or just a thoughtful gesture, our gift cards are sure to bring a smile to their faces.<\/p>\n<p data-start=\"217\" data-end=\"469\">Choose from four different values \u2013 500, 1000, 2000, and 2500 RON \u2013 to match your budget and preferences. Each card gives the recipient the freedom to select from the wide range of N\u00e1dudvary Handcrafted Jewelry pieces, ensuring a truly personal gift.<\/p>\n<h3 data-start=\"471\" data-end=\"498\"><strong data-start=\"475\" data-end=\"496\">How does it work?<\/strong><\/h3>\n<ol data-start=\"499\" data-end=\"814\">\n<li data-start=\"499\" data-end=\"538\">Select the value of the gift card.<\/li>\n<li data-start=\"539\" data-end=\"688\">After purchase, an electronic gift card will be sent to the provided email address, including a unique code redeemable on the N\u00e1dudvary website.<\/li>\n<li data-start=\"689\" data-end=\"814\">The recipient can browse through our jewelry collection and pick the pieces they love most, up to the value of the card.<\/li>\n<\/ol>\n<p data-start=\"816\" data-end=\"1070\">With our gift cards, you\u2019re not just giving a present, but an exclusive shopping experience where the recipient can choose their own <strong data-start=\"949\" data-end=\"974\">Handmade by N\u00e1dudvary<\/strong> treasure. It\u2019s the perfect choice for those who appreciate thoughtful and personalized gifts.<\/p>\n<p data-start=\"1072\" data-end=\"1183\" data-is-last-node=\"\" data-is-only-node=\"\"><strong data-start=\"1072\" data-end=\"1183\" data-is-last-node=\"\">Buy a gift card today and make the next special occasion truly unforgettable with N\u00e1dudvary\u2019s unique offer!<\/strong><\/p>\n","protected":false},"excerpt":{"rendered":"<p><strong data-start=\"0\" data-end=\"54\" data-is-only-node=\"\">Give the gift of choice with N\u00e1dudvary gift cards!<\/strong> Available in 500, 1000, 2000, and 2500 RON, our gift cards let jewelry lovers pick their favorite handcrafted pieces. Perfect for birthdays, anniversaries, and special occasions!<\/p>\n","protected":false},"featured_media":8050,"comment_status":"open","ping_status":"closed","template":"","meta":{"_et_pb_use_builder":"","_et_pb_old_content":"","_et_gb_content_width":""},"product_brand":[],"product_cat":[1338],"product_tag":[1339,1170,1157,1344,1159,1148,1345],"class_list":{"0":"post-8166","1":"product","2":"type-product","3":"status-publish","4":"has-post-thumbnail","6":"product_cat-gift-card","7":"product_tag-gift-card","8":"product_tag-handcrafted-en","9":"product_tag-jewelry","10":"product_tag-mesteritemanual","11":"product_tag-nadudvary-en-2","12":"product_tag-silver-en","13":"product_tag-unicate","15":"first","16":"instock","17":"shipping-taxable","18":"purchasable","19":"product-type-variable"},"yoast_head":"<!-- This site is optimized with the Yoast SEO plugin v27.5 - https:\/\/yoast.com\/product\/yoast-seo-wordpress\/ -->\n<title>Gift Card from N\u00e1dudvary | N\u00e1dudvary<\/title>\n<meta name=\"description\" content=\"Surprise your loved ones with N\u00e1dudvary gift cards! Available in 500, 1000, 2000, and 2500 RON. Unique jewelry, free choice \u2013 the perfect gift for any occasion!\" \/>\n<meta name=\"robots\" content=\"index, follow, max-snippet:-1, max-image-preview:large, max-video-preview:-1\" \/>\n<link rel=\"canonical\" href=\"https:\/\/nadudvary.ro\/en\/product\/gift-card-from-nadudvary-for-special-events\/\" \/>\n<meta property=\"og:locale\" content=\"en_US\" \/>\n<meta property=\"og:type\" content=\"article\" \/>\n<meta property=\"og:title\" content=\"Gift Card from N\u00e1dudvary | N\u00e1dudvary\" \/>\n<meta property=\"og:description\" content=\"Surprise your loved ones with N\u00e1dudvary gift cards! Available in 500, 1000, 2000, and 2500 RON. Unique jewelry, free choice \u2013 the perfect gift for any occasion!\" \/>\n<meta property=\"og:url\" content=\"https:\/\/nadudvary.ro\/en\/product\/gift-card-from-nadudvary-for-special-events\/\" \/>\n<meta property=\"og:site_name\" content=\"N\u00e1dudvary\" \/>\n<meta property=\"article:publisher\" content=\"https:\/\/www.facebook.com\/Nadudvaryjewelry\" \/>\n<meta property=\"article:modified_time\" content=\"2025-08-13T03:19:32+00:00\" \/>\n<meta property=\"og:image\" content=\"https:\/\/nadudvary.ro\/wp-content\/uploads\/2024\/03\/CardCadou.webp\" \/>\n\t<meta property=\"og:image:width\" content=\"1024\" \/>\n\t<meta property=\"og:image:height\" content=\"1024\" \/>\n\t<meta property=\"og:image:type\" content=\"image\/webp\" \/>\n<meta name=\"twitter:card\" content=\"summary_large_image\" \/>\n<meta name=\"twitter:label1\" content=\"Est. reading time\" \/>\n\t<meta name=\"twitter:data1\" content=\"2 minutes\" \/>\n<script type=\"application\/ld+json\" class=\"yoast-schema-graph\">{\"@context\":\"https:\\\/\\\/schema.org\",\"@graph\":[{\"@type\":\"WebPage\",\"@id\":\"https:\\\/\\\/nadudvary.ro\\\/en\\\/product\\\/gift-card-from-nadudvary-for-special-events\\\/\",\"url\":\"https:\\\/\\\/nadudvary.ro\\\/en\\\/product\\\/gift-card-from-nadudvary-for-special-events\\\/\",\"name\":\"Gift Card from N\u00e1dudvary | N\u00e1dudvary\",\"isPartOf\":{\"@id\":\"https:\\\/\\\/nadudvary.ro\\\/#website\"},\"primaryImageOfPage\":{\"@id\":\"https:\\\/\\\/nadudvary.ro\\\/en\\\/product\\\/gift-card-from-nadudvary-for-special-events\\\/#primaryimage\"},\"image\":{\"@id\":\"https:\\\/\\\/nadudvary.ro\\\/en\\\/product\\\/gift-card-from-nadudvary-for-special-events\\\/#primaryimage\"},\"thumbnailUrl\":\"https:\\\/\\\/nadudvary.ro\\\/wp-content\\\/uploads\\\/2024\\\/03\\\/CardCadou.webp\",\"datePublished\":\"2024-10-11T10:38:38+00:00\",\"dateModified\":\"2025-08-13T03:19:32+00:00\",\"description\":\"Surprise your loved ones with N\u00e1dudvary gift cards! Available in 500, 1000, 2000, and 2500 RON. Unique jewelry, free choice \u2013 the perfect gift for any occasion!\",\"breadcrumb\":{\"@id\":\"https:\\\/\\\/nadudvary.ro\\\/en\\\/product\\\/gift-card-from-nadudvary-for-special-events\\\/#breadcrumb\"},\"inLanguage\":\"en-US\",\"potentialAction\":[{\"@type\":\"ReadAction\",\"target\":[\"https:\\\/\\\/nadudvary.ro\\\/en\\\/product\\\/gift-card-from-nadudvary-for-special-events\\\/\"]}]},{\"@type\":\"ImageObject\",\"inLanguage\":\"en-US\",\"@id\":\"https:\\\/\\\/nadudvary.ro\\\/en\\\/product\\\/gift-card-from-nadudvary-for-special-events\\\/#primaryimage\",\"url\":\"https:\\\/\\\/nadudvary.ro\\\/wp-content\\\/uploads\\\/2024\\\/03\\\/CardCadou.webp\",\"contentUrl\":\"https:\\\/\\\/nadudvary.ro\\\/wp-content\\\/uploads\\\/2024\\\/03\\\/CardCadou.webp\",\"width\":1024,\"height\":1024},{\"@type\":\"BreadcrumbList\",\"@id\":\"https:\\\/\\\/nadudvary.ro\\\/en\\\/product\\\/gift-card-from-nadudvary-for-special-events\\\/#breadcrumb\",\"itemListElement\":[{\"@type\":\"ListItem\",\"position\":1,\"name\":\"Prima pagin\u0103\",\"item\":\"https:\\\/\\\/nadudvary.ro\\\/en\\\/\"},{\"@type\":\"ListItem\",\"position\":2,\"name\":\"Magazin\",\"item\":\"https:\\\/\\\/nadudvary.ro\\\/magazin\\\/\"},{\"@type\":\"ListItem\",\"position\":3,\"name\":\"Gift Card from N\u00e1dudvary\"}]},{\"@type\":\"WebSite\",\"@id\":\"https:\\\/\\\/nadudvary.ro\\\/#website\",\"url\":\"https:\\\/\\\/nadudvary.ro\\\/\",\"name\":\"N\u00e1dudvary\",\"description\":\"Handcrafted Jewelry\",\"publisher\":{\"@id\":\"https:\\\/\\\/nadudvary.ro\\\/#\\\/schema\\\/person\\\/f6f839e4a38013cf81313d7e0c21430f\"},\"potentialAction\":[{\"@type\":\"SearchAction\",\"target\":{\"@type\":\"EntryPoint\",\"urlTemplate\":\"https:\\\/\\\/nadudvary.ro\\\/?s={search_term_string}\"},\"query-input\":{\"@type\":\"PropertyValueSpecification\",\"valueRequired\":true,\"valueName\":\"search_term_string\"}}],\"inLanguage\":\"en-US\"},{\"@type\":[\"Person\",\"Organization\"],\"@id\":\"https:\\\/\\\/nadudvary.ro\\\/#\\\/schema\\\/person\\\/f6f839e4a38013cf81313d7e0c21430f\",\"name\":\"N\u00e1dudvary L\u00e1szl\u00f3\",\"image\":{\"@type\":\"ImageObject\",\"inLanguage\":\"en-US\",\"@id\":\"https:\\\/\\\/nadudvary.ro\\\/wp-content\\\/uploads\\\/2021\\\/12\\\/Favicon.webp\",\"url\":\"https:\\\/\\\/nadudvary.ro\\\/wp-content\\\/uploads\\\/2021\\\/12\\\/Favicon.webp\",\"contentUrl\":\"https:\\\/\\\/nadudvary.ro\\\/wp-content\\\/uploads\\\/2021\\\/12\\\/Favicon.webp\",\"width\":250,\"height\":250,\"caption\":\"N\u00e1dudvary L\u00e1szl\u00f3\"},\"logo\":{\"@id\":\"https:\\\/\\\/nadudvary.ro\\\/wp-content\\\/uploads\\\/2021\\\/12\\\/Favicon.webp\"},\"sameAs\":[\"https:\\\/\\\/www.nadudvary.ro\",\"https:\\\/\\\/www.facebook.com\\\/Nadudvaryjewelry\",\"https:\\\/\\\/www.youtube.com\\\/channel\\\/UCYZSi0OPKCBppw9juo2iMqw\"]}]}<\/script>\n<!-- \/ Yoast SEO plugin. -->","yoast_head_json":{"title":"Gift Card from N\u00e1dudvary | N\u00e1dudvary","description":"Surprise your loved ones with N\u00e1dudvary gift cards! Available in 500, 1000, 2000, and 2500 RON. Unique jewelry, free choice \u2013 the perfect gift for any occasion!","robots":{"index":"index","follow":"follow","max-snippet":"max-snippet:-1","max-image-preview":"max-image-preview:large","max-video-preview":"max-video-preview:-1"},"canonical":"https:\/\/nadudvary.ro\/en\/product\/gift-card-from-nadudvary-for-special-events\/","og_locale":"en_US","og_type":"article","og_title":"Gift Card from N\u00e1dudvary | N\u00e1dudvary","og_description":"Surprise your loved ones with N\u00e1dudvary gift cards! Available in 500, 1000, 2000, and 2500 RON. Unique jewelry, free choice \u2013 the perfect gift for any occasion!","og_url":"https:\/\/nadudvary.ro\/en\/product\/gift-card-from-nadudvary-for-special-events\/","og_site_name":"N\u00e1dudvary","article_publisher":"https:\/\/www.facebook.com\/Nadudvaryjewelry","article_modified_time":"2025-08-13T03:19:32+00:00","og_image":[{"width":1024,"height":1024,"url":"https:\/\/nadudvary.ro\/wp-content\/uploads\/2024\/03\/CardCadou.webp","type":"image\/webp"}],"twitter_card":"summary_large_image","twitter_misc":{"Est. reading time":"2 minutes"},"schema":{"@context":"https:\/\/schema.org","@graph":[{"@type":"WebPage","@id":"https:\/\/nadudvary.ro\/en\/product\/gift-card-from-nadudvary-for-special-events\/","url":"https:\/\/nadudvary.ro\/en\/product\/gift-card-from-nadudvary-for-special-events\/","name":"Gift Card from N\u00e1dudvary | N\u00e1dudvary","isPartOf":{"@id":"https:\/\/nadudvary.ro\/#website"},"primaryImageOfPage":{"@id":"https:\/\/nadudvary.ro\/en\/product\/gift-card-from-nadudvary-for-special-events\/#primaryimage"},"image":{"@id":"https:\/\/nadudvary.ro\/en\/product\/gift-card-from-nadudvary-for-special-events\/#primaryimage"},"thumbnailUrl":"https:\/\/nadudvary.ro\/wp-content\/uploads\/2024\/03\/CardCadou.webp","datePublished":"2024-10-11T10:38:38+00:00","dateModified":"2025-08-13T03:19:32+00:00","description":"Surprise your loved ones with N\u00e1dudvary gift cards! Available in 500, 1000, 2000, and 2500 RON. Unique jewelry, free choice \u2013 the perfect gift for any occasion!","breadcrumb":{"@id":"https:\/\/nadudvary.ro\/en\/product\/gift-card-from-nadudvary-for-special-events\/#breadcrumb"},"inLanguage":"en-US","potentialAction":[{"@type":"ReadAction","target":["https:\/\/nadudvary.ro\/en\/product\/gift-card-from-nadudvary-for-special-events\/"]}]},{"@type":"ImageObject","inLanguage":"en-US","@id":"https:\/\/nadudvary.ro\/en\/product\/gift-card-from-nadudvary-for-special-events\/#primaryimage","url":"https:\/\/nadudvary.ro\/wp-content\/uploads\/2024\/03\/CardCadou.webp","contentUrl":"https:\/\/nadudvary.ro\/wp-content\/uploads\/2024\/03\/CardCadou.webp","width":1024,"height":1024},{"@type":"BreadcrumbList","@id":"https:\/\/nadudvary.ro\/en\/product\/gift-card-from-nadudvary-for-special-events\/#breadcrumb","itemListElement":[{"@type":"ListItem","position":1,"name":"Prima pagin\u0103","item":"https:\/\/nadudvary.ro\/en\/"},{"@type":"ListItem","position":2,"name":"Magazin","item":"https:\/\/nadudvary.ro\/magazin\/"},{"@type":"ListItem","position":3,"name":"Gift Card from N\u00e1dudvary"}]},{"@type":"WebSite","@id":"https:\/\/nadudvary.ro\/#website","url":"https:\/\/nadudvary.ro\/","name":"N\u00e1dudvary","description":"Handcrafted Jewelry","publisher":{"@id":"https:\/\/nadudvary.ro\/#\/schema\/person\/f6f839e4a38013cf81313d7e0c21430f"},"potentialAction":[{"@type":"SearchAction","target":{"@type":"EntryPoint","urlTemplate":"https:\/\/nadudvary.ro\/?s={search_term_string}"},"query-input":{"@type":"PropertyValueSpecification","valueRequired":true,"valueName":"search_term_string"}}],"inLanguage":"en-US"},{"@type":["Person","Organization"],"@id":"https:\/\/nadudvary.ro\/#\/schema\/person\/f6f839e4a38013cf81313d7e0c21430f","name":"N\u00e1dudvary L\u00e1szl\u00f3","image":{"@type":"ImageObject","inLanguage":"en-US","@id":"https:\/\/nadudvary.ro\/wp-content\/uploads\/2021\/12\/Favicon.webp","url":"https:\/\/nadudvary.ro\/wp-content\/uploads\/2021\/12\/Favicon.webp","contentUrl":"https:\/\/nadudvary.ro\/wp-content\/uploads\/2021\/12\/Favicon.webp","width":250,"height":250,"caption":"N\u00e1dudvary L\u00e1szl\u00f3"},"logo":{"@id":"https:\/\/nadudvary.ro\/wp-content\/uploads\/2021\/12\/Favicon.webp"},"sameAs":["https:\/\/www.nadudvary.ro","https:\/\/www.facebook.com\/Nadudvaryjewelry","https:\/\/www.youtube.com\/channel\/UCYZSi0OPKCBppw9juo2iMqw"]}]}},"_links":{"self":[{"href":"https:\/\/nadudvary.ro\/en\/wp-json\/wp\/v2\/product\/8166","targetHints":{"allow":["GET"]}}],"collection":[{"href":"https:\/\/nadudvary.ro\/en\/wp-json\/wp\/v2\/product"}],"about":[{"href":"https:\/\/nadudvary.ro\/en\/wp-json\/wp\/v2\/types\/product"}],"replies":[{"embeddable":true,"href":"https:\/\/nadudvary.ro\/en\/wp-json\/wp\/v2\/comments?post=8166"}],"wp:featuredmedia":[{"embeddable":true,"href":"https:\/\/nadudvary.ro\/en\/wp-json\/wp\/v2\/media\/8050"}],"wp:attachment":[{"href":"https:\/\/nadudvary.ro\/en\/wp-json\/wp\/v2\/media?parent=8166"}],"wp:term":[{"taxonomy":"product_brand","embeddable":true,"href":"https:\/\/nadudvary.ro\/en\/wp-json\/wp\/v2\/product_brand?post=8166"},{"taxonomy":"product_cat","embeddable":true,"href":"https:\/\/nadudvary.ro\/en\/wp-json\/wp\/v2\/product_cat?post=8166"},{"taxonomy":"product_tag","embeddable":true,"href":"https:\/\/nadudvary.ro\/en\/wp-json\/wp\/v2\/product_tag?post=8166"}],"curies":[{"name":"wp","href":"https:\/\/api.w.org\/{rel}","templated":true}]}}