{"id":6024,"date":"2021-09-22T08:29:24","date_gmt":"2021-09-22T06:32:10","guid":{"rendered":"https:\/\/nadudvary.ro\/product\/royal-red-kicsi-szett\/"},"modified":"2025-02-27T11:31:53","modified_gmt":"2025-02-27T09:31:53","slug":"royal-red-small-set","status":"publish","type":"product","link":"https:\/\/nadudvary.ro\/hu\/termek\/royal-red-small-set\/","title":{"rendered":"Royal Red &#8211; kis k\u00e9szlet"},"content":{"rendered":"<p>K\u00e9zzel k\u00e9sz\u00edtett kompl\u00e9 antik ez\u00fcstb\u0151l \u00e9s muran\u00f3i \u00fcveg kabosonokkal. Ezek b\u00e1rmilyen kombin\u00e1ci\u00f3j\u00e1t v\u00e1laszthatja, valamint a murano \u00fcveg sz\u00ednei k\u00f6z\u00fcl v\u00e1laszthat: \u00f3ce\u00e1nk\u00e9k, t\u00fcrkiz z\u00f6ld, fekete-onyx, feh\u00e9r-teny\u00e9sztett gy\u00f6ngy<\/p>\n","protected":false},"excerpt":{"rendered":"<p>Tulip\u00e1nos kicsiszett,antikolt ez\u00fcstb\u0151l,mur\u00e1n\u00f3i \u00fcvegkabosonokkal.<\/p>\n","protected":false},"featured_media":6568,"comment_status":"open","ping_status":"closed","template":"","meta":{"_et_pb_use_builder":"","_et_pb_old_content":"","_et_gb_content_width":""},"product_brand":[],"product_cat":[1442,1106],"product_tag":[1199,1200,1160,1150,1201,1168,1202,1171,1203,1163,1228,1206],"class_list":{"0":"post-6024","1":"product","2":"type-product","3":"status-publish","4":"has-post-thumbnail","6":"product_cat-ezust-ekszerek","7":"product_cat-szettek","8":"product_tag-argint-hu","9":"product_tag-bijuterie-hu","10":"product_tag-egyedi-hu-2","11":"product_tag-ezust","12":"product_tag-ezust-ekszer-hu","13":"product_tag-handcrafted","14":"product_tag-jewerly-hu","15":"product_tag-kezmuves-termek","16":"product_tag-muranoi-uveg-hu","17":"product_tag-nadudvary-hu-2","18":"product_tag-silver-hu","19":"product_tag-unicat-hu","21":"first","22":"instock","23":"shipping-taxable","24":"purchasable","25":"product-type-simple"},"yoast_head":"<!-- This site is optimized with the Yoast SEO plugin v27.5 - https:\/\/yoast.com\/product\/yoast-seo-wordpress\/ -->\n<title>Royal Red - kis k\u00e9szlet | N\u00e1dudvary<\/title>\n<meta name=\"description\" content=\"Royal Piros kissebb szett antikolt ez\u00fcstb\u0151l,mur\u00e1n\u00f3i \u00fcvegkabosonokkal. A l\u00e1nc hossza 45 cm. Royal Red Tulip\u00e1n kis k\u00e9szlet, k\u00e9zzel k\u00e9sz\u00edtett minden, m\u00e9g a piros murano \u00fcveg is.\" \/>\n<meta name=\"robots\" content=\"index, follow, max-snippet:-1, max-image-preview:large, max-video-preview:-1\" \/>\n<link rel=\"canonical\" href=\"https:\/\/nadudvary.ro\/hu\/termek\/royal-red-small-set\/\" \/>\n<meta property=\"og:locale\" content=\"hu_HU\" \/>\n<meta property=\"og:type\" content=\"article\" \/>\n<meta property=\"og:title\" content=\"Royal Red - kis k\u00e9szlet | N\u00e1dudvary\" \/>\n<meta property=\"og:description\" content=\"Royal Piros kissebb szett antikolt ez\u00fcstb\u0151l,mur\u00e1n\u00f3i \u00fcvegkabosonokkal. A l\u00e1nc hossza 45 cm. Royal Red Tulip\u00e1n kis k\u00e9szlet, k\u00e9zzel k\u00e9sz\u00edtett minden, m\u00e9g a piros murano \u00fcveg is.\" \/>\n<meta property=\"og:url\" content=\"https:\/\/nadudvary.ro\/hu\/termek\/royal-red-small-set\/\" \/>\n<meta property=\"og:site_name\" content=\"N\u00e1dudvary\" \/>\n<meta property=\"article:publisher\" content=\"https:\/\/www.facebook.com\/Nadudvaryjewelry\" \/>\n<meta property=\"article:modified_time\" content=\"2025-02-27T09:31:53+00:00\" \/>\n<meta property=\"og:image\" content=\"https:\/\/nadudvary.ro\/wp-content\/uploads\/2021\/09\/DSCN2140.webp\" \/>\n\t<meta property=\"og:image:width\" content=\"985\" \/>\n\t<meta property=\"og:image:height\" content=\"686\" \/>\n\t<meta property=\"og:image:type\" content=\"image\/webp\" \/>\n<meta name=\"twitter:card\" content=\"summary_large_image\" \/>\n<script type=\"application\/ld+json\" class=\"yoast-schema-graph\">{\"@context\":\"https:\\\/\\\/schema.org\",\"@graph\":[{\"@type\":\"WebPage\",\"@id\":\"https:\\\/\\\/nadudvary.ro\\\/hu\\\/termek\\\/royal-red-small-set\\\/\",\"url\":\"https:\\\/\\\/nadudvary.ro\\\/hu\\\/termek\\\/royal-red-small-set\\\/\",\"name\":\"Royal Red - kis k\u00e9szlet | N\u00e1dudvary\",\"isPartOf\":{\"@id\":\"https:\\\/\\\/nadudvary.ro\\\/#website\"},\"primaryImageOfPage\":{\"@id\":\"https:\\\/\\\/nadudvary.ro\\\/hu\\\/termek\\\/royal-red-small-set\\\/#primaryimage\"},\"image\":{\"@id\":\"https:\\\/\\\/nadudvary.ro\\\/hu\\\/termek\\\/royal-red-small-set\\\/#primaryimage\"},\"thumbnailUrl\":\"https:\\\/\\\/nadudvary.ro\\\/wp-content\\\/uploads\\\/2021\\\/09\\\/DSCN2140.webp\",\"datePublished\":\"2021-09-22T06:32:10+00:00\",\"dateModified\":\"2025-02-27T09:31:53+00:00\",\"description\":\"Royal Piros kissebb szett antikolt ez\u00fcstb\u0151l,mur\u00e1n\u00f3i \u00fcvegkabosonokkal. A l\u00e1nc hossza 45 cm. Royal Red Tulip\u00e1n kis k\u00e9szlet, k\u00e9zzel k\u00e9sz\u00edtett minden, m\u00e9g a piros murano \u00fcveg is.\",\"breadcrumb\":{\"@id\":\"https:\\\/\\\/nadudvary.ro\\\/hu\\\/termek\\\/royal-red-small-set\\\/#breadcrumb\"},\"inLanguage\":\"hu\",\"potentialAction\":[{\"@type\":\"ReadAction\",\"target\":[\"https:\\\/\\\/nadudvary.ro\\\/hu\\\/termek\\\/royal-red-small-set\\\/\"]}]},{\"@type\":\"ImageObject\",\"inLanguage\":\"hu\",\"@id\":\"https:\\\/\\\/nadudvary.ro\\\/hu\\\/termek\\\/royal-red-small-set\\\/#primaryimage\",\"url\":\"https:\\\/\\\/nadudvary.ro\\\/wp-content\\\/uploads\\\/2021\\\/09\\\/DSCN2140.webp\",\"contentUrl\":\"https:\\\/\\\/nadudvary.ro\\\/wp-content\\\/uploads\\\/2021\\\/09\\\/DSCN2140.webp\",\"width\":985,\"height\":686,\"caption\":\"Set Royal Red - mic cercei si pandativ\"},{\"@type\":\"BreadcrumbList\",\"@id\":\"https:\\\/\\\/nadudvary.ro\\\/hu\\\/termek\\\/royal-red-small-set\\\/#breadcrumb\",\"itemListElement\":[{\"@type\":\"ListItem\",\"position\":1,\"name\":\"Prima pagin\u0103\",\"item\":\"https:\\\/\\\/nadudvary.ro\\\/hu\\\/\"},{\"@type\":\"ListItem\",\"position\":2,\"name\":\"Magazin\",\"item\":\"https:\\\/\\\/nadudvary.ro\\\/magazin\\\/\"},{\"@type\":\"ListItem\",\"position\":3,\"name\":\"Royal Red &#8211; kis k\u00e9szlet\"}]},{\"@type\":\"WebSite\",\"@id\":\"https:\\\/\\\/nadudvary.ro\\\/#website\",\"url\":\"https:\\\/\\\/nadudvary.ro\\\/\",\"name\":\"N\u00e1dudvary\",\"description\":\"Handcrafted Jewelry\",\"publisher\":{\"@id\":\"https:\\\/\\\/nadudvary.ro\\\/#\\\/schema\\\/person\\\/f6f839e4a38013cf81313d7e0c21430f\"},\"potentialAction\":[{\"@type\":\"SearchAction\",\"target\":{\"@type\":\"EntryPoint\",\"urlTemplate\":\"https:\\\/\\\/nadudvary.ro\\\/?s={search_term_string}\"},\"query-input\":{\"@type\":\"PropertyValueSpecification\",\"valueRequired\":true,\"valueName\":\"search_term_string\"}}],\"inLanguage\":\"hu\"},{\"@type\":[\"Person\",\"Organization\"],\"@id\":\"https:\\\/\\\/nadudvary.ro\\\/#\\\/schema\\\/person\\\/f6f839e4a38013cf81313d7e0c21430f\",\"name\":\"N\u00e1dudvary L\u00e1szl\u00f3\",\"image\":{\"@type\":\"ImageObject\",\"inLanguage\":\"hu\",\"@id\":\"https:\\\/\\\/nadudvary.ro\\\/wp-content\\\/uploads\\\/2021\\\/12\\\/Favicon.webp\",\"url\":\"https:\\\/\\\/nadudvary.ro\\\/wp-content\\\/uploads\\\/2021\\\/12\\\/Favicon.webp\",\"contentUrl\":\"https:\\\/\\\/nadudvary.ro\\\/wp-content\\\/uploads\\\/2021\\\/12\\\/Favicon.webp\",\"width\":250,\"height\":250,\"caption\":\"N\u00e1dudvary L\u00e1szl\u00f3\"},\"logo\":{\"@id\":\"https:\\\/\\\/nadudvary.ro\\\/wp-content\\\/uploads\\\/2021\\\/12\\\/Favicon.webp\"},\"sameAs\":[\"https:\\\/\\\/www.nadudvary.ro\",\"https:\\\/\\\/www.facebook.com\\\/Nadudvaryjewelry\",\"https:\\\/\\\/www.youtube.com\\\/channel\\\/UCYZSi0OPKCBppw9juo2iMqw\"]}]}<\/script>\n<!-- \/ Yoast SEO plugin. -->","yoast_head_json":{"title":"Royal Red - kis k\u00e9szlet | N\u00e1dudvary","description":"Royal Piros kissebb szett antikolt ez\u00fcstb\u0151l,mur\u00e1n\u00f3i \u00fcvegkabosonokkal. A l\u00e1nc hossza 45 cm. Royal Red Tulip\u00e1n kis k\u00e9szlet, k\u00e9zzel k\u00e9sz\u00edtett minden, m\u00e9g a piros murano \u00fcveg is.","robots":{"index":"index","follow":"follow","max-snippet":"max-snippet:-1","max-image-preview":"max-image-preview:large","max-video-preview":"max-video-preview:-1"},"canonical":"https:\/\/nadudvary.ro\/hu\/termek\/royal-red-small-set\/","og_locale":"hu_HU","og_type":"article","og_title":"Royal Red - kis k\u00e9szlet | N\u00e1dudvary","og_description":"Royal Piros kissebb szett antikolt ez\u00fcstb\u0151l,mur\u00e1n\u00f3i \u00fcvegkabosonokkal. A l\u00e1nc hossza 45 cm. Royal Red Tulip\u00e1n kis k\u00e9szlet, k\u00e9zzel k\u00e9sz\u00edtett minden, m\u00e9g a piros murano \u00fcveg is.","og_url":"https:\/\/nadudvary.ro\/hu\/termek\/royal-red-small-set\/","og_site_name":"N\u00e1dudvary","article_publisher":"https:\/\/www.facebook.com\/Nadudvaryjewelry","article_modified_time":"2025-02-27T09:31:53+00:00","og_image":[{"width":985,"height":686,"url":"https:\/\/nadudvary.ro\/wp-content\/uploads\/2021\/09\/DSCN2140.webp","type":"image\/webp"}],"twitter_card":"summary_large_image","schema":{"@context":"https:\/\/schema.org","@graph":[{"@type":"WebPage","@id":"https:\/\/nadudvary.ro\/hu\/termek\/royal-red-small-set\/","url":"https:\/\/nadudvary.ro\/hu\/termek\/royal-red-small-set\/","name":"Royal Red - kis k\u00e9szlet | N\u00e1dudvary","isPartOf":{"@id":"https:\/\/nadudvary.ro\/#website"},"primaryImageOfPage":{"@id":"https:\/\/nadudvary.ro\/hu\/termek\/royal-red-small-set\/#primaryimage"},"image":{"@id":"https:\/\/nadudvary.ro\/hu\/termek\/royal-red-small-set\/#primaryimage"},"thumbnailUrl":"https:\/\/nadudvary.ro\/wp-content\/uploads\/2021\/09\/DSCN2140.webp","datePublished":"2021-09-22T06:32:10+00:00","dateModified":"2025-02-27T09:31:53+00:00","description":"Royal Piros kissebb szett antikolt ez\u00fcstb\u0151l,mur\u00e1n\u00f3i \u00fcvegkabosonokkal. A l\u00e1nc hossza 45 cm. Royal Red Tulip\u00e1n kis k\u00e9szlet, k\u00e9zzel k\u00e9sz\u00edtett minden, m\u00e9g a piros murano \u00fcveg is.","breadcrumb":{"@id":"https:\/\/nadudvary.ro\/hu\/termek\/royal-red-small-set\/#breadcrumb"},"inLanguage":"hu","potentialAction":[{"@type":"ReadAction","target":["https:\/\/nadudvary.ro\/hu\/termek\/royal-red-small-set\/"]}]},{"@type":"ImageObject","inLanguage":"hu","@id":"https:\/\/nadudvary.ro\/hu\/termek\/royal-red-small-set\/#primaryimage","url":"https:\/\/nadudvary.ro\/wp-content\/uploads\/2021\/09\/DSCN2140.webp","contentUrl":"https:\/\/nadudvary.ro\/wp-content\/uploads\/2021\/09\/DSCN2140.webp","width":985,"height":686,"caption":"Set Royal Red - mic cercei si pandativ"},{"@type":"BreadcrumbList","@id":"https:\/\/nadudvary.ro\/hu\/termek\/royal-red-small-set\/#breadcrumb","itemListElement":[{"@type":"ListItem","position":1,"name":"Prima pagin\u0103","item":"https:\/\/nadudvary.ro\/hu\/"},{"@type":"ListItem","position":2,"name":"Magazin","item":"https:\/\/nadudvary.ro\/magazin\/"},{"@type":"ListItem","position":3,"name":"Royal Red &#8211; kis k\u00e9szlet"}]},{"@type":"WebSite","@id":"https:\/\/nadudvary.ro\/#website","url":"https:\/\/nadudvary.ro\/","name":"N\u00e1dudvary","description":"Handcrafted Jewelry","publisher":{"@id":"https:\/\/nadudvary.ro\/#\/schema\/person\/f6f839e4a38013cf81313d7e0c21430f"},"potentialAction":[{"@type":"SearchAction","target":{"@type":"EntryPoint","urlTemplate":"https:\/\/nadudvary.ro\/?s={search_term_string}"},"query-input":{"@type":"PropertyValueSpecification","valueRequired":true,"valueName":"search_term_string"}}],"inLanguage":"hu"},{"@type":["Person","Organization"],"@id":"https:\/\/nadudvary.ro\/#\/schema\/person\/f6f839e4a38013cf81313d7e0c21430f","name":"N\u00e1dudvary L\u00e1szl\u00f3","image":{"@type":"ImageObject","inLanguage":"hu","@id":"https:\/\/nadudvary.ro\/wp-content\/uploads\/2021\/12\/Favicon.webp","url":"https:\/\/nadudvary.ro\/wp-content\/uploads\/2021\/12\/Favicon.webp","contentUrl":"https:\/\/nadudvary.ro\/wp-content\/uploads\/2021\/12\/Favicon.webp","width":250,"height":250,"caption":"N\u00e1dudvary L\u00e1szl\u00f3"},"logo":{"@id":"https:\/\/nadudvary.ro\/wp-content\/uploads\/2021\/12\/Favicon.webp"},"sameAs":["https:\/\/www.nadudvary.ro","https:\/\/www.facebook.com\/Nadudvaryjewelry","https:\/\/www.youtube.com\/channel\/UCYZSi0OPKCBppw9juo2iMqw"]}]}},"_links":{"self":[{"href":"https:\/\/nadudvary.ro\/hu\/wp-json\/wp\/v2\/product\/6024","targetHints":{"allow":["GET"]}}],"collection":[{"href":"https:\/\/nadudvary.ro\/hu\/wp-json\/wp\/v2\/product"}],"about":[{"href":"https:\/\/nadudvary.ro\/hu\/wp-json\/wp\/v2\/types\/product"}],"replies":[{"embeddable":true,"href":"https:\/\/nadudvary.ro\/hu\/wp-json\/wp\/v2\/comments?post=6024"}],"wp:featuredmedia":[{"embeddable":true,"href":"https:\/\/nadudvary.ro\/hu\/wp-json\/wp\/v2\/media\/6568"}],"wp:attachment":[{"href":"https:\/\/nadudvary.ro\/hu\/wp-json\/wp\/v2\/media?parent=6024"}],"wp:term":[{"taxonomy":"product_brand","embeddable":true,"href":"https:\/\/nadudvary.ro\/hu\/wp-json\/wp\/v2\/product_brand?post=6024"},{"taxonomy":"product_cat","embeddable":true,"href":"https:\/\/nadudvary.ro\/hu\/wp-json\/wp\/v2\/product_cat?post=6024"},{"taxonomy":"product_tag","embeddable":true,"href":"https:\/\/nadudvary.ro\/hu\/wp-json\/wp\/v2\/product_tag?post=6024"}],"curies":[{"name":"wp","href":"https:\/\/api.w.org\/{rel}","templated":true}]}}