{"id":8073,"date":"2024-03-12T19:00:39","date_gmt":"2024-03-12T17:00:39","guid":{"rendered":"https:\/\/nadudvary.ro\/?post_type=product&#038;p=8073"},"modified":"2025-02-27T12:49:07","modified_gmt":"2025-02-27T10:49:07","slug":"egyedi-ajandekkartyak-nadudvarytol","status":"publish","type":"product","link":"https:\/\/nadudvary.ro\/hu\/termek\/egyedi-ajandekkartyak-nadudvarytol\/","title":{"rendered":"Egyedi Aj\u00e1nd\u00e9kk\u00e1rty\u00e1k  N\u00e1dudvaryt\u00f3l"},"content":{"rendered":"<p><span data-contrast=\"auto\">Fedezd fel a t\u00f6k\u00e9letes aj\u00e1nd\u00e9kot \u00e9kszerkedvel\u0151 szeretteid sz\u00e1m\u00e1ra a N\u00e1dudvary aj\u00e1nd\u00e9kk\u00e1rty\u00e1ival! Legyen sz\u00f3 sz\u00fclet\u00e9snapr\u00f3l, \u00e9vfordul\u00f3r\u00f3l, \u00fcnnepekr\u0151l vagy csak egy kedves gesztusr\u00f3l, aj\u00e1nd\u00e9kk\u00e1rty\u00e1inkkal garant\u00e1ltan mosolyt csalsz az arcokra.<\/span><span data-ccp-props=\"{&quot;201341983&quot;:0,&quot;335559739&quot;:160,&quot;335559740&quot;:259}\">\u00a0<\/span><\/p>\n<p><span data-contrast=\"auto\">V\u00e1laszthatsz n\u00e9gy k\u00fcl\u00f6nb\u00f6z\u0151 \u00e9rt\u00e9k\u0171 aj\u00e1nd\u00e9kk\u00e1rtya k\u00f6z\u00fcl \u2013 500, 1000, 2000, \u00e9s 2500 lej \u2013, hogy pontosan illeszkedjen a k\u00edv\u00e1ns\u00e1gaidhoz \u00e9s a b\u00fcdzs\u00e9dhez. Minden k\u00e1rtya egyed\u00fcl\u00e1ll\u00f3 lehet\u0151s\u00e9get ny\u00fajt a c\u00edmzettnek, hogy saj\u00e1t \u00edzl\u00e9s\u00e9nek megfelel\u0151en v\u00e1lasszon a N\u00e1dudvary Handcrafted Jewelry sz\u00e9les v\u00e1laszt\u00e9k\u00e1b\u00f3l.<\/span><span data-ccp-props=\"{&quot;201341983&quot;:0,&quot;335559739&quot;:160,&quot;335559740&quot;:259}\">\u00a0<\/span><\/p>\n<p><span data-contrast=\"auto\">Hogyan m\u0171k\u00f6dik?<\/span><span data-ccp-props=\"{&quot;201341983&quot;:0,&quot;335559739&quot;:160,&quot;335559740&quot;:259}\">\u00a0<\/span><\/p>\n<ol>\n<li data-leveltext=\"%1.\" data-font=\"\" data-listid=\"4\" data-list-defn-props=\"{&quot;335552541&quot;:0,&quot;335559685&quot;:720,&quot;335559991&quot;:360,&quot;469769242&quot;:[65533,0],&quot;469777803&quot;:&quot;left&quot;,&quot;469777804&quot;:&quot;%1.&quot;,&quot;469777815&quot;:&quot;hybridMultilevel&quot;}\" aria-setsize=\"-1\" data-aria-posinset=\"1\" data-aria-level=\"1\"><span data-contrast=\"auto\">V\u00e1laszd ki az aj\u00e1nd\u00e9kk\u00e1rtya \u00e9rt\u00e9k\u00e9t.<\/span><span data-ccp-props=\"{&quot;201341983&quot;:0,&quot;335559739&quot;:160,&quot;335559740&quot;:259}\">\u00a0<\/span><\/li>\n<\/ol>\n<ol>\n<li data-leveltext=\"%1.\" data-font=\"\" data-listid=\"4\" data-list-defn-props=\"{&quot;335552541&quot;:0,&quot;335559685&quot;:720,&quot;335559991&quot;:360,&quot;469769242&quot;:[65533,0],&quot;469777803&quot;:&quot;left&quot;,&quot;469777804&quot;:&quot;%1.&quot;,&quot;469777815&quot;:&quot;hybridMultilevel&quot;}\" aria-setsize=\"-1\" data-aria-posinset=\"2\" data-aria-level=\"1\"><span data-contrast=\"auto\">A v\u00e1s\u00e1rl\u00e1s befejezt\u00e9vel elektronikus aj\u00e1nd\u00e9kk\u00e1rty\u00e1t k\u00fcld\u00fcnk a megadott e-mail c\u00edmre egy egyedi k\u00f3ddal, amely a N\u00e1dudvary weboldalon bev\u00e1lthat\u00f3.<\/span><span data-ccp-props=\"{&quot;201341983&quot;:0,&quot;335559739&quot;:160,&quot;335559740&quot;:259}\">\u00a0<\/span><\/li>\n<\/ol>\n<ol>\n<li data-leveltext=\"%1.\" data-font=\"\" data-listid=\"4\" data-list-defn-props=\"{&quot;335552541&quot;:0,&quot;335559685&quot;:720,&quot;335559991&quot;:360,&quot;469769242&quot;:[65533,0],&quot;469777803&quot;:&quot;left&quot;,&quot;469777804&quot;:&quot;%1.&quot;,&quot;469777815&quot;:&quot;hybridMultilevel&quot;}\" aria-setsize=\"-1\" data-aria-posinset=\"3\" data-aria-level=\"1\"><span data-contrast=\"auto\">A c\u00edmzett szabadon b\u00f6ng\u00e9szhet \u00e9kszereink k\u00f6z\u00f6tt, \u00e9s kiv\u00e1laszthatja azokat, amelyek a legink\u00e1bb tetszenek neki, az aj\u00e1nd\u00e9kk\u00e1rtya \u00e9rt\u00e9k\u00e9ig.<\/span><span data-ccp-props=\"{&quot;201341983&quot;:0,&quot;335559739&quot;:160,&quot;335559740&quot;:259}\">\u00a0<\/span><\/li>\n<\/ol>\n<p><span data-contrast=\"auto\">Aj\u00e1nd\u00e9kk\u00e1rty\u00e1inkkal nem csak egy aj\u00e1nd\u00e9kot adsz, hanem egy egyedi v\u00e1s\u00e1rl\u00e1si \u00e9lm\u00e9nyt is, ahol a c\u00edmzett maga d\u00f6ntheti el, hogy melyik Handmade by N\u00e1dudvary kincs legyen az \u00f6v\u00e9. T\u00f6k\u00e9letes v\u00e1laszt\u00e1s azok sz\u00e1m\u00e1ra, akik szeretik a szem\u00e9lyre szabott \u00e9s gondosan kiv\u00e1lasztott aj\u00e1nd\u00e9kokat.<\/span><span data-ccp-props=\"{&quot;201341983&quot;:0,&quot;335559739&quot;:160,&quot;335559740&quot;:259}\">\u00a0<\/span><\/p>\n<p><span data-contrast=\"auto\">V\u00e1s\u00e1rolj egy aj\u00e1nd\u00e9kk\u00e1rty\u00e1t ma, \u00e9s tedd eml\u00e9kezetess\u00e9 a k\u00f6vetkez\u0151 alkalmat a N\u00e1dudvary egyedi aj\u00e1nlat\u00e1val!<\/span><span data-ccp-props=\"{&quot;201341983&quot;:0,&quot;335559739&quot;:160,&quot;335559740&quot;:259}\">\u00a0<\/span><\/p>\n","protected":false},"excerpt":{"rendered":"<p><span class=\"TextRun SCXW171232125 BCX8\" lang=\"RO-RO\" xml:lang=\"RO-RO\" data-contrast=\"auto\"><span class=\"NormalTextRun SpellingErrorV2Themed SCXW171232125 BCX8\">Aj\u00e1nd\u00e9kk\u00e1rty\u00e1k<\/span><\/span><\/p>\n","protected":false},"featured_media":8078,"comment_status":"open","ping_status":"closed","template":"","meta":{"_et_pb_use_builder":"","_et_pb_old_content":"","_et_gb_content_width":""},"product_brand":[],"product_cat":[1447],"product_tag":[],"class_list":{"0":"post-8073","1":"product","2":"type-product","3":"status-publish","4":"has-post-thumbnail","6":"product_cat-ajandekkartyak","8":"first","9":"instock","10":"shipping-taxable","11":"purchasable","12":"product-type-variable"},"yoast_head":"<!-- This site is optimized with the Yoast SEO plugin v27.5 - https:\/\/yoast.com\/product\/yoast-seo-wordpress\/ -->\n<title>Egyedi Aj\u00e1nd\u00e9kk\u00e1rty\u00e1k N\u00e1dudvaryt\u00f3l | N\u00e1dudvary<\/title>\n<meta name=\"description\" content=\"Lepd meg szeretteidet a N\u00e1dudvary aj\u00e1nd\u00e9kk\u00e1rty\u00e1ival! V\u00e1laszthat\u00f3 \u00e9rt\u00e9kek: 500, 1000, 2000, 2500 lej. Egyedi \u00e9kszerek, szabad v\u00e1laszt\u00e1s \u2013 t\u00f6k\u00e9letes aj\u00e1nd\u00e9k minden alkalomra! Egyedi Aj\u00e1nd\u00e9kk\u00e1rty\u00e1k N\u00e1dudvaryt\u00f3l | N\u00e1dudvary\" \/>\n<meta name=\"robots\" content=\"index, follow, max-snippet:-1, max-image-preview:large, max-video-preview:-1\" \/>\n<link rel=\"canonical\" href=\"https:\/\/nadudvary.ro\/hu\/termek\/egyedi-ajandekkartyak-nadudvarytol\/\" \/>\n<meta property=\"og:locale\" content=\"hu_HU\" \/>\n<meta property=\"og:type\" content=\"article\" \/>\n<meta property=\"og:title\" content=\"Egyedi Aj\u00e1nd\u00e9kk\u00e1rty\u00e1k N\u00e1dudvaryt\u00f3l | N\u00e1dudvary\" \/>\n<meta property=\"og:description\" content=\"Lepd meg szeretteidet a N\u00e1dudvary aj\u00e1nd\u00e9kk\u00e1rty\u00e1ival! V\u00e1laszthat\u00f3 \u00e9rt\u00e9kek: 500, 1000, 2000, 2500 lej. Egyedi \u00e9kszerek, szabad v\u00e1laszt\u00e1s \u2013 t\u00f6k\u00e9letes aj\u00e1nd\u00e9k minden alkalomra! Egyedi Aj\u00e1nd\u00e9kk\u00e1rty\u00e1k N\u00e1dudvaryt\u00f3l | N\u00e1dudvary\" \/>\n<meta property=\"og:url\" content=\"https:\/\/nadudvary.ro\/hu\/termek\/egyedi-ajandekkartyak-nadudvarytol\/\" \/>\n<meta property=\"og:site_name\" content=\"N\u00e1dudvary\" \/>\n<meta property=\"article:publisher\" content=\"https:\/\/www.facebook.com\/Nadudvaryjewelry\" \/>\n<meta property=\"article:modified_time\" content=\"2025-02-27T10:49:07+00:00\" \/>\n<meta property=\"og:image\" content=\"https:\/\/nadudvary.ro\/wp-content\/uploads\/2024\/03\/Ajandekkartya-1.webp\" \/>\n\t<meta property=\"og:image:width\" content=\"1024\" \/>\n\t<meta property=\"og:image:height\" content=\"1024\" \/>\n\t<meta property=\"og:image:type\" content=\"image\/webp\" \/>\n<meta name=\"twitter:card\" content=\"summary_large_image\" \/>\n<meta name=\"twitter:label1\" content=\"Becs\u00fclt olvas\u00e1si id\u0151\" \/>\n\t<meta name=\"twitter:data1\" content=\"2 perc\" \/>\n<script type=\"application\/ld+json\" class=\"yoast-schema-graph\">{\"@context\":\"https:\\\/\\\/schema.org\",\"@graph\":[{\"@type\":\"WebPage\",\"@id\":\"https:\\\/\\\/nadudvary.ro\\\/hu\\\/termek\\\/egyedi-ajandekkartyak-nadudvarytol\\\/\",\"url\":\"https:\\\/\\\/nadudvary.ro\\\/hu\\\/termek\\\/egyedi-ajandekkartyak-nadudvarytol\\\/\",\"name\":\"Egyedi Aj\u00e1nd\u00e9kk\u00e1rty\u00e1k N\u00e1dudvaryt\u00f3l | N\u00e1dudvary\",\"isPartOf\":{\"@id\":\"https:\\\/\\\/nadudvary.ro\\\/#website\"},\"primaryImageOfPage\":{\"@id\":\"https:\\\/\\\/nadudvary.ro\\\/hu\\\/termek\\\/egyedi-ajandekkartyak-nadudvarytol\\\/#primaryimage\"},\"image\":{\"@id\":\"https:\\\/\\\/nadudvary.ro\\\/hu\\\/termek\\\/egyedi-ajandekkartyak-nadudvarytol\\\/#primaryimage\"},\"thumbnailUrl\":\"https:\\\/\\\/nadudvary.ro\\\/wp-content\\\/uploads\\\/2024\\\/03\\\/Ajandekkartya-1.webp\",\"datePublished\":\"2024-03-12T17:00:39+00:00\",\"dateModified\":\"2025-02-27T10:49:07+00:00\",\"description\":\"Lepd meg szeretteidet a N\u00e1dudvary aj\u00e1nd\u00e9kk\u00e1rty\u00e1ival! V\u00e1laszthat\u00f3 \u00e9rt\u00e9kek: 500, 1000, 2000, 2500 lej. Egyedi \u00e9kszerek, szabad v\u00e1laszt\u00e1s \u2013 t\u00f6k\u00e9letes aj\u00e1nd\u00e9k minden alkalomra! Egyedi Aj\u00e1nd\u00e9kk\u00e1rty\u00e1k N\u00e1dudvaryt\u00f3l | N\u00e1dudvary\",\"breadcrumb\":{\"@id\":\"https:\\\/\\\/nadudvary.ro\\\/hu\\\/termek\\\/egyedi-ajandekkartyak-nadudvarytol\\\/#breadcrumb\"},\"inLanguage\":\"hu\",\"potentialAction\":[{\"@type\":\"ReadAction\",\"target\":[\"https:\\\/\\\/nadudvary.ro\\\/hu\\\/termek\\\/egyedi-ajandekkartyak-nadudvarytol\\\/\"]}]},{\"@type\":\"ImageObject\",\"inLanguage\":\"hu\",\"@id\":\"https:\\\/\\\/nadudvary.ro\\\/hu\\\/termek\\\/egyedi-ajandekkartyak-nadudvarytol\\\/#primaryimage\",\"url\":\"https:\\\/\\\/nadudvary.ro\\\/wp-content\\\/uploads\\\/2024\\\/03\\\/Ajandekkartya-1.webp\",\"contentUrl\":\"https:\\\/\\\/nadudvary.ro\\\/wp-content\\\/uploads\\\/2024\\\/03\\\/Ajandekkartya-1.webp\",\"width\":1024,\"height\":1024},{\"@type\":\"BreadcrumbList\",\"@id\":\"https:\\\/\\\/nadudvary.ro\\\/hu\\\/termek\\\/egyedi-ajandekkartyak-nadudvarytol\\\/#breadcrumb\",\"itemListElement\":[{\"@type\":\"ListItem\",\"position\":1,\"name\":\"Prima pagin\u0103\",\"item\":\"https:\\\/\\\/nadudvary.ro\\\/hu\\\/\"},{\"@type\":\"ListItem\",\"position\":2,\"name\":\"Magazin\",\"item\":\"https:\\\/\\\/nadudvary.ro\\\/magazin\\\/\"},{\"@type\":\"ListItem\",\"position\":3,\"name\":\"Egyedi Aj\u00e1nd\u00e9kk\u00e1rty\u00e1k N\u00e1dudvaryt\u00f3l\"}]},{\"@type\":\"WebSite\",\"@id\":\"https:\\\/\\\/nadudvary.ro\\\/#website\",\"url\":\"https:\\\/\\\/nadudvary.ro\\\/\",\"name\":\"N\u00e1dudvary\",\"description\":\"Handcrafted Jewelry\",\"publisher\":{\"@id\":\"https:\\\/\\\/nadudvary.ro\\\/#\\\/schema\\\/person\\\/f6f839e4a38013cf81313d7e0c21430f\"},\"potentialAction\":[{\"@type\":\"SearchAction\",\"target\":{\"@type\":\"EntryPoint\",\"urlTemplate\":\"https:\\\/\\\/nadudvary.ro\\\/?s={search_term_string}\"},\"query-input\":{\"@type\":\"PropertyValueSpecification\",\"valueRequired\":true,\"valueName\":\"search_term_string\"}}],\"inLanguage\":\"hu\"},{\"@type\":[\"Person\",\"Organization\"],\"@id\":\"https:\\\/\\\/nadudvary.ro\\\/#\\\/schema\\\/person\\\/f6f839e4a38013cf81313d7e0c21430f\",\"name\":\"N\u00e1dudvary L\u00e1szl\u00f3\",\"image\":{\"@type\":\"ImageObject\",\"inLanguage\":\"hu\",\"@id\":\"https:\\\/\\\/nadudvary.ro\\\/wp-content\\\/uploads\\\/2021\\\/12\\\/Favicon.webp\",\"url\":\"https:\\\/\\\/nadudvary.ro\\\/wp-content\\\/uploads\\\/2021\\\/12\\\/Favicon.webp\",\"contentUrl\":\"https:\\\/\\\/nadudvary.ro\\\/wp-content\\\/uploads\\\/2021\\\/12\\\/Favicon.webp\",\"width\":250,\"height\":250,\"caption\":\"N\u00e1dudvary L\u00e1szl\u00f3\"},\"logo\":{\"@id\":\"https:\\\/\\\/nadudvary.ro\\\/wp-content\\\/uploads\\\/2021\\\/12\\\/Favicon.webp\"},\"sameAs\":[\"https:\\\/\\\/www.nadudvary.ro\",\"https:\\\/\\\/www.facebook.com\\\/Nadudvaryjewelry\",\"https:\\\/\\\/www.youtube.com\\\/channel\\\/UCYZSi0OPKCBppw9juo2iMqw\"]}]}<\/script>\n<!-- \/ Yoast SEO plugin. -->","yoast_head_json":{"title":"Egyedi Aj\u00e1nd\u00e9kk\u00e1rty\u00e1k N\u00e1dudvaryt\u00f3l | N\u00e1dudvary","description":"Lepd meg szeretteidet a N\u00e1dudvary aj\u00e1nd\u00e9kk\u00e1rty\u00e1ival! V\u00e1laszthat\u00f3 \u00e9rt\u00e9kek: 500, 1000, 2000, 2500 lej. Egyedi \u00e9kszerek, szabad v\u00e1laszt\u00e1s \u2013 t\u00f6k\u00e9letes aj\u00e1nd\u00e9k minden alkalomra! Egyedi Aj\u00e1nd\u00e9kk\u00e1rty\u00e1k N\u00e1dudvaryt\u00f3l | N\u00e1dudvary","robots":{"index":"index","follow":"follow","max-snippet":"max-snippet:-1","max-image-preview":"max-image-preview:large","max-video-preview":"max-video-preview:-1"},"canonical":"https:\/\/nadudvary.ro\/hu\/termek\/egyedi-ajandekkartyak-nadudvarytol\/","og_locale":"hu_HU","og_type":"article","og_title":"Egyedi Aj\u00e1nd\u00e9kk\u00e1rty\u00e1k N\u00e1dudvaryt\u00f3l | N\u00e1dudvary","og_description":"Lepd meg szeretteidet a N\u00e1dudvary aj\u00e1nd\u00e9kk\u00e1rty\u00e1ival! V\u00e1laszthat\u00f3 \u00e9rt\u00e9kek: 500, 1000, 2000, 2500 lej. Egyedi \u00e9kszerek, szabad v\u00e1laszt\u00e1s \u2013 t\u00f6k\u00e9letes aj\u00e1nd\u00e9k minden alkalomra! Egyedi Aj\u00e1nd\u00e9kk\u00e1rty\u00e1k N\u00e1dudvaryt\u00f3l | N\u00e1dudvary","og_url":"https:\/\/nadudvary.ro\/hu\/termek\/egyedi-ajandekkartyak-nadudvarytol\/","og_site_name":"N\u00e1dudvary","article_publisher":"https:\/\/www.facebook.com\/Nadudvaryjewelry","article_modified_time":"2025-02-27T10:49:07+00:00","og_image":[{"width":1024,"height":1024,"url":"https:\/\/nadudvary.ro\/wp-content\/uploads\/2024\/03\/Ajandekkartya-1.webp","type":"image\/webp"}],"twitter_card":"summary_large_image","twitter_misc":{"Becs\u00fclt olvas\u00e1si id\u0151":"2 perc"},"schema":{"@context":"https:\/\/schema.org","@graph":[{"@type":"WebPage","@id":"https:\/\/nadudvary.ro\/hu\/termek\/egyedi-ajandekkartyak-nadudvarytol\/","url":"https:\/\/nadudvary.ro\/hu\/termek\/egyedi-ajandekkartyak-nadudvarytol\/","name":"Egyedi Aj\u00e1nd\u00e9kk\u00e1rty\u00e1k N\u00e1dudvaryt\u00f3l | N\u00e1dudvary","isPartOf":{"@id":"https:\/\/nadudvary.ro\/#website"},"primaryImageOfPage":{"@id":"https:\/\/nadudvary.ro\/hu\/termek\/egyedi-ajandekkartyak-nadudvarytol\/#primaryimage"},"image":{"@id":"https:\/\/nadudvary.ro\/hu\/termek\/egyedi-ajandekkartyak-nadudvarytol\/#primaryimage"},"thumbnailUrl":"https:\/\/nadudvary.ro\/wp-content\/uploads\/2024\/03\/Ajandekkartya-1.webp","datePublished":"2024-03-12T17:00:39+00:00","dateModified":"2025-02-27T10:49:07+00:00","description":"Lepd meg szeretteidet a N\u00e1dudvary aj\u00e1nd\u00e9kk\u00e1rty\u00e1ival! V\u00e1laszthat\u00f3 \u00e9rt\u00e9kek: 500, 1000, 2000, 2500 lej. Egyedi \u00e9kszerek, szabad v\u00e1laszt\u00e1s \u2013 t\u00f6k\u00e9letes aj\u00e1nd\u00e9k minden alkalomra! Egyedi Aj\u00e1nd\u00e9kk\u00e1rty\u00e1k N\u00e1dudvaryt\u00f3l | N\u00e1dudvary","breadcrumb":{"@id":"https:\/\/nadudvary.ro\/hu\/termek\/egyedi-ajandekkartyak-nadudvarytol\/#breadcrumb"},"inLanguage":"hu","potentialAction":[{"@type":"ReadAction","target":["https:\/\/nadudvary.ro\/hu\/termek\/egyedi-ajandekkartyak-nadudvarytol\/"]}]},{"@type":"ImageObject","inLanguage":"hu","@id":"https:\/\/nadudvary.ro\/hu\/termek\/egyedi-ajandekkartyak-nadudvarytol\/#primaryimage","url":"https:\/\/nadudvary.ro\/wp-content\/uploads\/2024\/03\/Ajandekkartya-1.webp","contentUrl":"https:\/\/nadudvary.ro\/wp-content\/uploads\/2024\/03\/Ajandekkartya-1.webp","width":1024,"height":1024},{"@type":"BreadcrumbList","@id":"https:\/\/nadudvary.ro\/hu\/termek\/egyedi-ajandekkartyak-nadudvarytol\/#breadcrumb","itemListElement":[{"@type":"ListItem","position":1,"name":"Prima pagin\u0103","item":"https:\/\/nadudvary.ro\/hu\/"},{"@type":"ListItem","position":2,"name":"Magazin","item":"https:\/\/nadudvary.ro\/magazin\/"},{"@type":"ListItem","position":3,"name":"Egyedi Aj\u00e1nd\u00e9kk\u00e1rty\u00e1k N\u00e1dudvaryt\u00f3l"}]},{"@type":"WebSite","@id":"https:\/\/nadudvary.ro\/#website","url":"https:\/\/nadudvary.ro\/","name":"N\u00e1dudvary","description":"Handcrafted Jewelry","publisher":{"@id":"https:\/\/nadudvary.ro\/#\/schema\/person\/f6f839e4a38013cf81313d7e0c21430f"},"potentialAction":[{"@type":"SearchAction","target":{"@type":"EntryPoint","urlTemplate":"https:\/\/nadudvary.ro\/?s={search_term_string}"},"query-input":{"@type":"PropertyValueSpecification","valueRequired":true,"valueName":"search_term_string"}}],"inLanguage":"hu"},{"@type":["Person","Organization"],"@id":"https:\/\/nadudvary.ro\/#\/schema\/person\/f6f839e4a38013cf81313d7e0c21430f","name":"N\u00e1dudvary L\u00e1szl\u00f3","image":{"@type":"ImageObject","inLanguage":"hu","@id":"https:\/\/nadudvary.ro\/wp-content\/uploads\/2021\/12\/Favicon.webp","url":"https:\/\/nadudvary.ro\/wp-content\/uploads\/2021\/12\/Favicon.webp","contentUrl":"https:\/\/nadudvary.ro\/wp-content\/uploads\/2021\/12\/Favicon.webp","width":250,"height":250,"caption":"N\u00e1dudvary L\u00e1szl\u00f3"},"logo":{"@id":"https:\/\/nadudvary.ro\/wp-content\/uploads\/2021\/12\/Favicon.webp"},"sameAs":["https:\/\/www.nadudvary.ro","https:\/\/www.facebook.com\/Nadudvaryjewelry","https:\/\/www.youtube.com\/channel\/UCYZSi0OPKCBppw9juo2iMqw"]}]}},"_links":{"self":[{"href":"https:\/\/nadudvary.ro\/hu\/wp-json\/wp\/v2\/product\/8073","targetHints":{"allow":["GET"]}}],"collection":[{"href":"https:\/\/nadudvary.ro\/hu\/wp-json\/wp\/v2\/product"}],"about":[{"href":"https:\/\/nadudvary.ro\/hu\/wp-json\/wp\/v2\/types\/product"}],"replies":[{"embeddable":true,"href":"https:\/\/nadudvary.ro\/hu\/wp-json\/wp\/v2\/comments?post=8073"}],"wp:featuredmedia":[{"embeddable":true,"href":"https:\/\/nadudvary.ro\/hu\/wp-json\/wp\/v2\/media\/8078"}],"wp:attachment":[{"href":"https:\/\/nadudvary.ro\/hu\/wp-json\/wp\/v2\/media?parent=8073"}],"wp:term":[{"taxonomy":"product_brand","embeddable":true,"href":"https:\/\/nadudvary.ro\/hu\/wp-json\/wp\/v2\/product_brand?post=8073"},{"taxonomy":"product_cat","embeddable":true,"href":"https:\/\/nadudvary.ro\/hu\/wp-json\/wp\/v2\/product_cat?post=8073"},{"taxonomy":"product_tag","embeddable":true,"href":"https:\/\/nadudvary.ro\/hu\/wp-json\/wp\/v2\/product_tag?post=8073"}],"curies":[{"name":"wp","href":"https:\/\/api.w.org\/{rel}","templated":true}]}}