{"id":8308,"date":"2025-02-22T08:19:30","date_gmt":"2025-02-22T06:19:30","guid":{"rendered":"https:\/\/nadudvary.ro\/product\/ezust-kanal-karkoto-spiralok\/"},"modified":"2025-02-27T11:28:50","modified_gmt":"2025-02-27T09:28:50","slug":"ezust-kanal-karkoto-spiralok","status":"publish","type":"product","link":"https:\/\/nadudvary.ro\/hu\/termek\/ezust-kanal-karkoto-spiralok\/","title":{"rendered":"Ez\u00fcst kan\u00e1l kark\u00f6t\u0151 spir\u00e1lok"},"content":{"rendered":"<p>A spir\u00e1l egy kark\u00f6t\u0151, amelyet k\u00e9zzel k\u00e9sz\u00edtenek egyetlen ez\u00fcstkan\u00e1lb\u00f3l, v\u00e1g\u00e1s \u00e9s \u00e1tfed\u00e9s technik\u00e1j\u00e1val. Ez egy m\u0171v\u00e9szi j\u00e1t\u00e9k: fekete-feh\u00e9r, f\u00e9nyek \u00e9s \u00e1rny\u00e9kok. Az ez\u00fcst \u00e9kszerek k\u00e9zzel t\u00f6rt\u00e9n\u0151 k\u00e9sz\u00edt\u00e9se <strong>\u00f6nmag\u00e1ban is m\u0171v\u00e9szet<\/strong>. Olyan k\u00e9zm\u0171ves technik\u00e1kat foglal mag\u00e1ban, amelyek t\u00fcrelmet, precizit\u00e1st \u00e9s k\u00fcl\u00f6n\u00f6s figyelmet ig\u00e9nyelnek a r\u00e9szletekre. Spir\u00e1lok egy gondosan kidolgozott \u00e9kszert, az anyag kiv\u00e1laszt\u00e1s\u00e1t\u00f3l a v\u00e9gs\u0151 befejez\u00e9sig, hogy kiv\u00e1l\u00f3 min\u0151s\u00e9g\u0171 term\u00e9ket biztos\u00edtsanak. Ez az apr\u00f3l\u00e9kos folyamat nemcsak az egyes kark\u00f6t\u0151k egyedis\u00e9g\u00e9t garant\u00e1lja, hanem tart\u00f3ss\u00e1g\u00e1t \u00e9s sz\u00e9ps\u00e9g\u00e9t is.<\/p>\n","protected":false},"excerpt":{"rendered":"<p>A spir\u00e1l egy kark\u00f6t\u0151, amelyet k\u00e9zzel k\u00e9sz\u00edtenek egyetlen ez\u00fcstkan\u00e1lb\u00f3l, v\u00e1g\u00e1s \u00e9s \u00e1tfed\u00e9s technik\u00e1j\u00e1val. Ez egy m\u0171v\u00e9szi j\u00e1t\u00e9k: fekete-feh\u00e9r, f\u00e9nyek \u00e9s \u00e1rny\u00e9kok. Az ez\u00fcst \u00e9kszerek k\u00e9zzel t\u00f6rt\u00e9n\u0151 k\u00e9sz\u00edt\u00e9se \u00f6nmag\u00e1ban is m\u0171v\u00e9szet. Olyan k\u00e9zm\u0171ves technik\u00e1kat foglal mag\u00e1ban, amelyek t\u00fcrelmet, precizit\u00e1st \u00e9s k\u00fcl\u00f6n\u00f6s figyelmet ig\u00e9nyelnek a r\u00e9szletekre. Spir\u00e1lok egy gondosan kidolgozott \u00e9kszert, az anyag kiv\u00e1laszt\u00e1s\u00e1t\u00f3l a v\u00e9gs\u0151 befejez\u00e9sig, [&hellip;]<\/p>\n","protected":false},"featured_media":8270,"comment_status":"open","ping_status":"closed","template":"","meta":{"_et_pb_use_builder":"","_et_pb_old_content":"","_et_gb_content_width":""},"product_brand":[],"product_cat":[1442,1096],"product_tag":[1199,1200,1160,1161,1162,1201,1422,1421,1168,1202,1277,1274,1275,1171,1237,1163,1256,1423,1206],"class_list":{"0":"post-8308","1":"product","2":"type-product","3":"status-publish","4":"has-post-thumbnail","6":"product_cat-ezust-ekszerek","7":"product_cat-karkotok","8":"product_tag-argint-hu","9":"product_tag-bijuterie-hu","10":"product_tag-egyedi-hu-2","11":"product_tag-ekszer-hu","12":"product_tag-ezust-2-hu","13":"product_tag-ezust-ekszer-hu","14":"product_tag-ezust-kanal","15":"product_tag-ezustkanal-hu","16":"product_tag-handcrafted","17":"product_tag-jewerly-hu","18":"product_tag-karperec-hu-3","19":"product_tag-karperec-hu","20":"product_tag-karperec-hu-2","21":"product_tag-kezmuves-termek","22":"product_tag-kezzel-keszitett","23":"product_tag-nadudvary-hu-2","24":"product_tag-reglabila-hu","25":"product_tag-silver-spoon-hu","26":"product_tag-unicat-hu","28":"first","29":"instock","30":"shipping-taxable","31":"purchasable","32":"product-type-simple"},"yoast_head":"<!-- This site is optimized with the Yoast SEO plugin v27.5 - https:\/\/yoast.com\/product\/yoast-seo-wordpress\/ -->\n<title>Ez\u00fcst kan\u00e1l kark\u00f6t\u0151 spir\u00e1lok | N\u00e1dudvary<\/title>\n<meta name=\"description\" content=\"Spir\u00e1l Kan\u00e1l kark\u00f6t\u0151 Antik Ez\u00fcst Egyedi Ez\u00fcst Kan\u00e1l Kark\u00f6t\u0151 Ez\u00fcstkan\u00e1l karperec by N\u00e1dudvary egyedi spir\u00e1los karperec ez\u00fcst kan\u00e1lb\u00f3l\" \/>\n<meta name=\"robots\" content=\"index, follow, max-snippet:-1, max-image-preview:large, max-video-preview:-1\" \/>\n<link rel=\"canonical\" href=\"https:\/\/nadudvary.ro\/hu\/termek\/ezust-kanal-karkoto-spiralok\/\" \/>\n<meta property=\"og:locale\" content=\"hu_HU\" \/>\n<meta property=\"og:type\" content=\"article\" \/>\n<meta property=\"og:title\" content=\"Ez\u00fcst kan\u00e1l kark\u00f6t\u0151 spir\u00e1lok | N\u00e1dudvary\" \/>\n<meta property=\"og:description\" content=\"Spir\u00e1l Kan\u00e1l kark\u00f6t\u0151 Antik Ez\u00fcst Egyedi Ez\u00fcst Kan\u00e1l Kark\u00f6t\u0151 Ez\u00fcstkan\u00e1l karperec by N\u00e1dudvary egyedi spir\u00e1los karperec ez\u00fcst kan\u00e1lb\u00f3l\" \/>\n<meta property=\"og:url\" content=\"https:\/\/nadudvary.ro\/hu\/termek\/ezust-kanal-karkoto-spiralok\/\" \/>\n<meta property=\"og:site_name\" content=\"N\u00e1dudvary\" \/>\n<meta property=\"article:publisher\" content=\"https:\/\/www.facebook.com\/Nadudvaryjewelry\" \/>\n<meta property=\"article:modified_time\" content=\"2025-02-27T09:28:50+00:00\" \/>\n<meta property=\"og:image\" content=\"https:\/\/nadudvary.ro\/wp-content\/uploads\/2025\/02\/DSCN7329-1024x768.jpg\" \/>\n\t<meta property=\"og:image:width\" content=\"1024\" \/>\n\t<meta property=\"og:image:height\" content=\"768\" \/>\n\t<meta property=\"og:image:type\" content=\"image\/jpeg\" \/>\n<meta name=\"twitter:card\" content=\"summary_large_image\" \/>\n<meta name=\"twitter:label1\" content=\"Becs\u00fclt olvas\u00e1si id\u0151\" \/>\n\t<meta name=\"twitter:data1\" content=\"1 perc\" \/>\n<script type=\"application\/ld+json\" class=\"yoast-schema-graph\">{\"@context\":\"https:\\\/\\\/schema.org\",\"@graph\":[{\"@type\":\"WebPage\",\"@id\":\"https:\\\/\\\/nadudvary.ro\\\/hu\\\/termek\\\/ezust-kanal-karkoto-spiralok\\\/\",\"url\":\"https:\\\/\\\/nadudvary.ro\\\/hu\\\/termek\\\/ezust-kanal-karkoto-spiralok\\\/\",\"name\":\"Ez\u00fcst kan\u00e1l kark\u00f6t\u0151 spir\u00e1lok | N\u00e1dudvary\",\"isPartOf\":{\"@id\":\"https:\\\/\\\/nadudvary.ro\\\/#website\"},\"primaryImageOfPage\":{\"@id\":\"https:\\\/\\\/nadudvary.ro\\\/hu\\\/termek\\\/ezust-kanal-karkoto-spiralok\\\/#primaryimage\"},\"image\":{\"@id\":\"https:\\\/\\\/nadudvary.ro\\\/hu\\\/termek\\\/ezust-kanal-karkoto-spiralok\\\/#primaryimage\"},\"thumbnailUrl\":\"https:\\\/\\\/nadudvary.ro\\\/wp-content\\\/uploads\\\/2025\\\/02\\\/DSCN7329-e1740205349933.jpg\",\"datePublished\":\"2025-02-22T06:19:30+00:00\",\"dateModified\":\"2025-02-27T09:28:50+00:00\",\"description\":\"Spir\u00e1l Kan\u00e1l kark\u00f6t\u0151 Antik Ez\u00fcst Egyedi Ez\u00fcst Kan\u00e1l Kark\u00f6t\u0151 Ez\u00fcstkan\u00e1l karperec by N\u00e1dudvary egyedi spir\u00e1los karperec ez\u00fcst kan\u00e1lb\u00f3l\",\"breadcrumb\":{\"@id\":\"https:\\\/\\\/nadudvary.ro\\\/hu\\\/termek\\\/ezust-kanal-karkoto-spiralok\\\/#breadcrumb\"},\"inLanguage\":\"hu\",\"potentialAction\":[{\"@type\":\"ReadAction\",\"target\":[\"https:\\\/\\\/nadudvary.ro\\\/hu\\\/termek\\\/ezust-kanal-karkoto-spiralok\\\/\"]}]},{\"@type\":\"ImageObject\",\"inLanguage\":\"hu\",\"@id\":\"https:\\\/\\\/nadudvary.ro\\\/hu\\\/termek\\\/ezust-kanal-karkoto-spiralok\\\/#primaryimage\",\"url\":\"https:\\\/\\\/nadudvary.ro\\\/wp-content\\\/uploads\\\/2025\\\/02\\\/DSCN7329-e1740205349933.jpg\",\"contentUrl\":\"https:\\\/\\\/nadudvary.ro\\\/wp-content\\\/uploads\\\/2025\\\/02\\\/DSCN7329-e1740205349933.jpg\",\"width\":640,\"height\":480},{\"@type\":\"BreadcrumbList\",\"@id\":\"https:\\\/\\\/nadudvary.ro\\\/hu\\\/termek\\\/ezust-kanal-karkoto-spiralok\\\/#breadcrumb\",\"itemListElement\":[{\"@type\":\"ListItem\",\"position\":1,\"name\":\"Prima pagin\u0103\",\"item\":\"https:\\\/\\\/nadudvary.ro\\\/hu\\\/\"},{\"@type\":\"ListItem\",\"position\":2,\"name\":\"Magazin\",\"item\":\"https:\\\/\\\/nadudvary.ro\\\/magazin\\\/\"},{\"@type\":\"ListItem\",\"position\":3,\"name\":\"Ez\u00fcst kan\u00e1l kark\u00f6t\u0151 spir\u00e1lok\"}]},{\"@type\":\"WebSite\",\"@id\":\"https:\\\/\\\/nadudvary.ro\\\/#website\",\"url\":\"https:\\\/\\\/nadudvary.ro\\\/\",\"name\":\"N\u00e1dudvary\",\"description\":\"Handcrafted Jewelry\",\"publisher\":{\"@id\":\"https:\\\/\\\/nadudvary.ro\\\/#\\\/schema\\\/person\\\/f6f839e4a38013cf81313d7e0c21430f\"},\"potentialAction\":[{\"@type\":\"SearchAction\",\"target\":{\"@type\":\"EntryPoint\",\"urlTemplate\":\"https:\\\/\\\/nadudvary.ro\\\/?s={search_term_string}\"},\"query-input\":{\"@type\":\"PropertyValueSpecification\",\"valueRequired\":true,\"valueName\":\"search_term_string\"}}],\"inLanguage\":\"hu\"},{\"@type\":[\"Person\",\"Organization\"],\"@id\":\"https:\\\/\\\/nadudvary.ro\\\/#\\\/schema\\\/person\\\/f6f839e4a38013cf81313d7e0c21430f\",\"name\":\"N\u00e1dudvary L\u00e1szl\u00f3\",\"image\":{\"@type\":\"ImageObject\",\"inLanguage\":\"hu\",\"@id\":\"https:\\\/\\\/nadudvary.ro\\\/wp-content\\\/uploads\\\/2021\\\/12\\\/Favicon.webp\",\"url\":\"https:\\\/\\\/nadudvary.ro\\\/wp-content\\\/uploads\\\/2021\\\/12\\\/Favicon.webp\",\"contentUrl\":\"https:\\\/\\\/nadudvary.ro\\\/wp-content\\\/uploads\\\/2021\\\/12\\\/Favicon.webp\",\"width\":250,\"height\":250,\"caption\":\"N\u00e1dudvary L\u00e1szl\u00f3\"},\"logo\":{\"@id\":\"https:\\\/\\\/nadudvary.ro\\\/wp-content\\\/uploads\\\/2021\\\/12\\\/Favicon.webp\"},\"sameAs\":[\"https:\\\/\\\/www.nadudvary.ro\",\"https:\\\/\\\/www.facebook.com\\\/Nadudvaryjewelry\",\"https:\\\/\\\/www.youtube.com\\\/channel\\\/UCYZSi0OPKCBppw9juo2iMqw\"]}]}<\/script>\n<!-- \/ Yoast SEO plugin. -->","yoast_head_json":{"title":"Ez\u00fcst kan\u00e1l kark\u00f6t\u0151 spir\u00e1lok | N\u00e1dudvary","description":"Spir\u00e1l Kan\u00e1l kark\u00f6t\u0151 Antik Ez\u00fcst Egyedi Ez\u00fcst Kan\u00e1l Kark\u00f6t\u0151 Ez\u00fcstkan\u00e1l karperec by N\u00e1dudvary egyedi spir\u00e1los karperec ez\u00fcst kan\u00e1lb\u00f3l","robots":{"index":"index","follow":"follow","max-snippet":"max-snippet:-1","max-image-preview":"max-image-preview:large","max-video-preview":"max-video-preview:-1"},"canonical":"https:\/\/nadudvary.ro\/hu\/termek\/ezust-kanal-karkoto-spiralok\/","og_locale":"hu_HU","og_type":"article","og_title":"Ez\u00fcst kan\u00e1l kark\u00f6t\u0151 spir\u00e1lok | N\u00e1dudvary","og_description":"Spir\u00e1l Kan\u00e1l kark\u00f6t\u0151 Antik Ez\u00fcst Egyedi Ez\u00fcst Kan\u00e1l Kark\u00f6t\u0151 Ez\u00fcstkan\u00e1l karperec by N\u00e1dudvary egyedi spir\u00e1los karperec ez\u00fcst kan\u00e1lb\u00f3l","og_url":"https:\/\/nadudvary.ro\/hu\/termek\/ezust-kanal-karkoto-spiralok\/","og_site_name":"N\u00e1dudvary","article_publisher":"https:\/\/www.facebook.com\/Nadudvaryjewelry","article_modified_time":"2025-02-27T09:28:50+00:00","og_image":[{"width":1024,"height":768,"url":"https:\/\/nadudvary.ro\/wp-content\/uploads\/2025\/02\/DSCN7329-1024x768.jpg","type":"image\/jpeg"}],"twitter_card":"summary_large_image","twitter_misc":{"Becs\u00fclt olvas\u00e1si id\u0151":"1 perc"},"schema":{"@context":"https:\/\/schema.org","@graph":[{"@type":"WebPage","@id":"https:\/\/nadudvary.ro\/hu\/termek\/ezust-kanal-karkoto-spiralok\/","url":"https:\/\/nadudvary.ro\/hu\/termek\/ezust-kanal-karkoto-spiralok\/","name":"Ez\u00fcst kan\u00e1l kark\u00f6t\u0151 spir\u00e1lok | N\u00e1dudvary","isPartOf":{"@id":"https:\/\/nadudvary.ro\/#website"},"primaryImageOfPage":{"@id":"https:\/\/nadudvary.ro\/hu\/termek\/ezust-kanal-karkoto-spiralok\/#primaryimage"},"image":{"@id":"https:\/\/nadudvary.ro\/hu\/termek\/ezust-kanal-karkoto-spiralok\/#primaryimage"},"thumbnailUrl":"https:\/\/nadudvary.ro\/wp-content\/uploads\/2025\/02\/DSCN7329-e1740205349933.jpg","datePublished":"2025-02-22T06:19:30+00:00","dateModified":"2025-02-27T09:28:50+00:00","description":"Spir\u00e1l Kan\u00e1l kark\u00f6t\u0151 Antik Ez\u00fcst Egyedi Ez\u00fcst Kan\u00e1l Kark\u00f6t\u0151 Ez\u00fcstkan\u00e1l karperec by N\u00e1dudvary egyedi spir\u00e1los karperec ez\u00fcst kan\u00e1lb\u00f3l","breadcrumb":{"@id":"https:\/\/nadudvary.ro\/hu\/termek\/ezust-kanal-karkoto-spiralok\/#breadcrumb"},"inLanguage":"hu","potentialAction":[{"@type":"ReadAction","target":["https:\/\/nadudvary.ro\/hu\/termek\/ezust-kanal-karkoto-spiralok\/"]}]},{"@type":"ImageObject","inLanguage":"hu","@id":"https:\/\/nadudvary.ro\/hu\/termek\/ezust-kanal-karkoto-spiralok\/#primaryimage","url":"https:\/\/nadudvary.ro\/wp-content\/uploads\/2025\/02\/DSCN7329-e1740205349933.jpg","contentUrl":"https:\/\/nadudvary.ro\/wp-content\/uploads\/2025\/02\/DSCN7329-e1740205349933.jpg","width":640,"height":480},{"@type":"BreadcrumbList","@id":"https:\/\/nadudvary.ro\/hu\/termek\/ezust-kanal-karkoto-spiralok\/#breadcrumb","itemListElement":[{"@type":"ListItem","position":1,"name":"Prima pagin\u0103","item":"https:\/\/nadudvary.ro\/hu\/"},{"@type":"ListItem","position":2,"name":"Magazin","item":"https:\/\/nadudvary.ro\/magazin\/"},{"@type":"ListItem","position":3,"name":"Ez\u00fcst kan\u00e1l kark\u00f6t\u0151 spir\u00e1lok"}]},{"@type":"WebSite","@id":"https:\/\/nadudvary.ro\/#website","url":"https:\/\/nadudvary.ro\/","name":"N\u00e1dudvary","description":"Handcrafted Jewelry","publisher":{"@id":"https:\/\/nadudvary.ro\/#\/schema\/person\/f6f839e4a38013cf81313d7e0c21430f"},"potentialAction":[{"@type":"SearchAction","target":{"@type":"EntryPoint","urlTemplate":"https:\/\/nadudvary.ro\/?s={search_term_string}"},"query-input":{"@type":"PropertyValueSpecification","valueRequired":true,"valueName":"search_term_string"}}],"inLanguage":"hu"},{"@type":["Person","Organization"],"@id":"https:\/\/nadudvary.ro\/#\/schema\/person\/f6f839e4a38013cf81313d7e0c21430f","name":"N\u00e1dudvary L\u00e1szl\u00f3","image":{"@type":"ImageObject","inLanguage":"hu","@id":"https:\/\/nadudvary.ro\/wp-content\/uploads\/2021\/12\/Favicon.webp","url":"https:\/\/nadudvary.ro\/wp-content\/uploads\/2021\/12\/Favicon.webp","contentUrl":"https:\/\/nadudvary.ro\/wp-content\/uploads\/2021\/12\/Favicon.webp","width":250,"height":250,"caption":"N\u00e1dudvary L\u00e1szl\u00f3"},"logo":{"@id":"https:\/\/nadudvary.ro\/wp-content\/uploads\/2021\/12\/Favicon.webp"},"sameAs":["https:\/\/www.nadudvary.ro","https:\/\/www.facebook.com\/Nadudvaryjewelry","https:\/\/www.youtube.com\/channel\/UCYZSi0OPKCBppw9juo2iMqw"]}]}},"_links":{"self":[{"href":"https:\/\/nadudvary.ro\/hu\/wp-json\/wp\/v2\/product\/8308","targetHints":{"allow":["GET"]}}],"collection":[{"href":"https:\/\/nadudvary.ro\/hu\/wp-json\/wp\/v2\/product"}],"about":[{"href":"https:\/\/nadudvary.ro\/hu\/wp-json\/wp\/v2\/types\/product"}],"replies":[{"embeddable":true,"href":"https:\/\/nadudvary.ro\/hu\/wp-json\/wp\/v2\/comments?post=8308"}],"wp:featuredmedia":[{"embeddable":true,"href":"https:\/\/nadudvary.ro\/hu\/wp-json\/wp\/v2\/media\/8270"}],"wp:attachment":[{"href":"https:\/\/nadudvary.ro\/hu\/wp-json\/wp\/v2\/media?parent=8308"}],"wp:term":[{"taxonomy":"product_brand","embeddable":true,"href":"https:\/\/nadudvary.ro\/hu\/wp-json\/wp\/v2\/product_brand?post=8308"},{"taxonomy":"product_cat","embeddable":true,"href":"https:\/\/nadudvary.ro\/hu\/wp-json\/wp\/v2\/product_cat?post=8308"},{"taxonomy":"product_tag","embeddable":true,"href":"https:\/\/nadudvary.ro\/hu\/wp-json\/wp\/v2\/product_tag?post=8308"}],"curies":[{"name":"wp","href":"https:\/\/api.w.org\/{rel}","templated":true}]}}